{"id":413,"date":"2022-06-19T18:55:23","date_gmt":"2022-06-19T16:55:23","guid":{"rendered":"https:\/\/materterra.fr\/?page_id=413"},"modified":"2022-06-19T19:19:43","modified_gmt":"2022-06-19T17:19:43","slug":"ustensiles-en-bois-dolivier","status":"publish","type":"page","link":"https:\/\/materterra.fr\/?page_id=413","title":{"rendered":"Ustensiles en bois d&rsquo;Olivier"},"content":{"rendered":"\n<p>Nous profitons de la p\u00e9riode de la taille des arbres principaux de la culture m\u00e9diterran\u00e9enne (l\u2019Olivier) pour compl\u00e9ter les ustensiles de cuisine.<\/p>\n\n\n\n<p>Les photos suivantes sont des exemples : il y a une infini de possibilit\u00e9s gr\u00e2ce \u00e0 la diversit\u00e9 des formes et dimensions des branches. Taille des arbres raisonn\u00e9e = esprit Materra conserv\u00e9 !<\/p>\n\n\n\n<div class=\"wp-block-columns is-layout-flex wp-container-core-columns-is-layout-9d6595d7 wp-block-columns-is-layout-flex\">\n<div class=\"wp-block-column is-layout-flow wp-block-column-is-layout-flow\">\n<figure class=\"wp-block-image size-full\"><img decoding=\"async\" width=\"600\" height=\"450\" data-src=\"https:\/\/materterra.fr\/wp-content\/uploads\/2022\/06\/Olivier-cueilliere-longue2r.png\" alt=\"Olivier association MATERRA - Mater Terra\" class=\"wp-image-408 lazyload\" data-srcset=\"https:\/\/materterra.fr\/wp-content\/uploads\/2022\/06\/Olivier-cueilliere-longue2r.png 600w, https:\/\/materterra.fr\/wp-content\/uploads\/2022\/06\/Olivier-cueilliere-longue2r-300x225.png 300w\" data-sizes=\"(max-width: 600px) 100vw, 600px\" src=\"data:image\/svg+xml;base64,PHN2ZyB3aWR0aD0iMSIgaGVpZ2h0PSIxIiB4bWxucz0iaHR0cDovL3d3dy53My5vcmcvMjAwMC9zdmciPjwvc3ZnPg==\" style=\"--smush-placeholder-width: 600px; --smush-placeholder-aspect-ratio: 600\/450;\" \/><figcaption>Cuill\u00e8re longue<\/figcaption><\/figure>\n<\/div>\n\n\n\n<div class=\"wp-block-column is-layout-flow wp-block-column-is-layout-flow\">\n<figure class=\"wp-block-image size-full\"><img decoding=\"async\" width=\"600\" height=\"450\" data-src=\"https:\/\/materterra.fr\/wp-content\/uploads\/2022\/06\/Olivier-cueilliere-longue1r.png\" alt=\"Olivier association MATERRA - Mater Terra\" class=\"wp-image-423 lazyload\" data-srcset=\"https:\/\/materterra.fr\/wp-content\/uploads\/2022\/06\/Olivier-cueilliere-longue1r.png 600w, https:\/\/materterra.fr\/wp-content\/uploads\/2022\/06\/Olivier-cueilliere-longue1r-300x225.png 300w\" data-sizes=\"(max-width: 600px) 100vw, 600px\" src=\"data:image\/svg+xml;base64,PHN2ZyB3aWR0aD0iMSIgaGVpZ2h0PSIxIiB4bWxucz0iaHR0cDovL3d3dy53My5vcmcvMjAwMC9zdmciPjwvc3ZnPg==\" style=\"--smush-placeholder-width: 600px; --smush-placeholder-aspect-ratio: 600\/450;\" \/><figcaption>Cuill\u00e8re longue<\/figcaption><\/figure>\n<\/div>\n<\/div>\n\n\n\n<div class=\"wp-block-columns is-layout-flex wp-container-core-columns-is-layout-9d6595d7 wp-block-columns-is-layout-flex\">\n<div class=\"wp-block-column is-layout-flow wp-block-column-is-layout-flow\">\n<figure class=\"wp-block-image size-full\"><img decoding=\"async\" width=\"600\" height=\"450\" data-src=\"https:\/\/materterra.fr\/wp-content\/uploads\/2022\/06\/Olivier-cueilliere-courte1r.png\" alt=\"Olivier association MATERRA - Mater Terra\" class=\"wp-image-425 lazyload\" data-srcset=\"https:\/\/materterra.fr\/wp-content\/uploads\/2022\/06\/Olivier-cueilliere-courte1r.png 600w, https:\/\/materterra.fr\/wp-content\/uploads\/2022\/06\/Olivier-cueilliere-courte1r-300x225.png 300w\" data-sizes=\"(max-width: 600px) 100vw, 600px\" src=\"data:image\/svg+xml;base64,PHN2ZyB3aWR0aD0iMSIgaGVpZ2h0PSIxIiB4bWxucz0iaHR0cDovL3d3dy53My5vcmcvMjAwMC9zdmciPjwvc3ZnPg==\" style=\"--smush-placeholder-width: 600px; --smush-placeholder-aspect-ratio: 600\/450;\" \/><figcaption>Cuill\u00e8re courte<\/figcaption><\/figure>\n<\/div>\n\n\n\n<div class=\"wp-block-column is-layout-flow wp-block-column-is-layout-flow\">\n<figure class=\"wp-block-image size-full\"><img decoding=\"async\" width=\"600\" height=\"450\" data-src=\"https:\/\/materterra.fr\/wp-content\/uploads\/2022\/06\/Olivier-cueilliere-courte2r.png\" alt=\"Olivier association MATERRA - Mater Terra\" class=\"wp-image-426 lazyload\" data-srcset=\"https:\/\/materterra.fr\/wp-content\/uploads\/2022\/06\/Olivier-cueilliere-courte2r.png 600w, https:\/\/materterra.fr\/wp-content\/uploads\/2022\/06\/Olivier-cueilliere-courte2r-300x225.png 300w\" data-sizes=\"(max-width: 600px) 100vw, 600px\" src=\"data:image\/svg+xml;base64,PHN2ZyB3aWR0aD0iMSIgaGVpZ2h0PSIxIiB4bWxucz0iaHR0cDovL3d3dy53My5vcmcvMjAwMC9zdmciPjwvc3ZnPg==\" style=\"--smush-placeholder-width: 600px; --smush-placeholder-aspect-ratio: 600\/450;\" \/><figcaption>Cuill\u00e8re courte<\/figcaption><\/figure>\n<\/div>\n<\/div>\n\n\n\n<div class=\"wp-block-image\"><figure class=\"aligncenter size-full\"><img decoding=\"async\" width=\"600\" height=\"450\" data-src=\"https:\/\/materterra.fr\/wp-content\/uploads\/2022\/06\/Olivier-pilon-r.png\" alt=\"Olivier association MATERRA - Mater Terra\" class=\"wp-image-427 lazyload\" data-srcset=\"https:\/\/materterra.fr\/wp-content\/uploads\/2022\/06\/Olivier-pilon-r.png 600w, https:\/\/materterra.fr\/wp-content\/uploads\/2022\/06\/Olivier-pilon-r-300x225.png 300w\" data-sizes=\"(max-width: 600px) 100vw, 600px\" src=\"data:image\/svg+xml;base64,PHN2ZyB3aWR0aD0iMSIgaGVpZ2h0PSIxIiB4bWxucz0iaHR0cDovL3d3dy53My5vcmcvMjAwMC9zdmciPjwvc3ZnPg==\" style=\"--smush-placeholder-width: 600px; --smush-placeholder-aspect-ratio: 600\/450;\" \/><figcaption>Pilon<\/figcaption><\/figure><\/div>\n\n\n\n<div class=\"wp-block-columns is-layout-flex wp-container-core-columns-is-layout-9d6595d7 wp-block-columns-is-layout-flex\">\n<div class=\"wp-block-column is-layout-flow wp-block-column-is-layout-flow\">\n<figure class=\"wp-block-image size-full\"><img decoding=\"async\" width=\"600\" height=\"450\" data-src=\"https:\/\/materterra.fr\/wp-content\/uploads\/2022\/06\/Olivier-cueilliere-the1r.png\" alt=\"Olivier association MATERRA - Mater Terra\" class=\"wp-image-411 lazyload\" data-srcset=\"https:\/\/materterra.fr\/wp-content\/uploads\/2022\/06\/Olivier-cueilliere-the1r.png 600w, https:\/\/materterra.fr\/wp-content\/uploads\/2022\/06\/Olivier-cueilliere-the1r-300x225.png 300w\" data-sizes=\"(max-width: 600px) 100vw, 600px\" src=\"data:image\/svg+xml;base64,PHN2ZyB3aWR0aD0iMSIgaGVpZ2h0PSIxIiB4bWxucz0iaHR0cDovL3d3dy53My5vcmcvMjAwMC9zdmciPjwvc3ZnPg==\" style=\"--smush-placeholder-width: 600px; --smush-placeholder-aspect-ratio: 600\/450;\" \/><figcaption>Cuill\u00e8re \u00e0 th\u00e9<\/figcaption><\/figure>\n<\/div>\n\n\n\n<div class=\"wp-block-column is-layout-flow wp-block-column-is-layout-flow\">\n<figure class=\"wp-block-image size-full\"><img decoding=\"async\" width=\"600\" height=\"450\" data-src=\"https:\/\/materterra.fr\/wp-content\/uploads\/2022\/06\/Olivier-cueilliere-the2r.png\" alt=\"Olivier association MATERRA - Mater Terra\" class=\"wp-image-428 lazyload\" data-srcset=\"https:\/\/materterra.fr\/wp-content\/uploads\/2022\/06\/Olivier-cueilliere-the2r.png 600w, https:\/\/materterra.fr\/wp-content\/uploads\/2022\/06\/Olivier-cueilliere-the2r-300x225.png 300w\" data-sizes=\"(max-width: 600px) 100vw, 600px\" src=\"data:image\/svg+xml;base64,PHN2ZyB3aWR0aD0iMSIgaGVpZ2h0PSIxIiB4bWxucz0iaHR0cDovL3d3dy53My5vcmcvMjAwMC9zdmciPjwvc3ZnPg==\" style=\"--smush-placeholder-width: 600px; --smush-placeholder-aspect-ratio: 600\/450;\" \/><figcaption>Cuill\u00e8re \u00e0 th\u00e9<\/figcaption><\/figure>\n<\/div>\n<\/div>\n\n\n\n<div class=\"wp-block-image\"><figure class=\"aligncenter size-full\"><img decoding=\"async\" width=\"600\" height=\"450\" data-src=\"https:\/\/materterra.fr\/wp-content\/uploads\/2022\/06\/Olivier-cueilliere-miel1r.png\" alt=\"Olivier association MATERRA - Mater Terra\" class=\"wp-image-429 lazyload\" data-srcset=\"https:\/\/materterra.fr\/wp-content\/uploads\/2022\/06\/Olivier-cueilliere-miel1r.png 600w, https:\/\/materterra.fr\/wp-content\/uploads\/2022\/06\/Olivier-cueilliere-miel1r-300x225.png 300w\" data-sizes=\"(max-width: 600px) 100vw, 600px\" src=\"data:image\/svg+xml;base64,PHN2ZyB3aWR0aD0iMSIgaGVpZ2h0PSIxIiB4bWxucz0iaHR0cDovL3d3dy53My5vcmcvMjAwMC9zdmciPjwvc3ZnPg==\" style=\"--smush-placeholder-width: 600px; --smush-placeholder-aspect-ratio: 600\/450;\" \/><figcaption>Cuill\u00e8re \u00e0 miel<\/figcaption><\/figure><\/div>\n\n\n\n<div class=\"wp-block-image\"><figure class=\"aligncenter size-full\"><img decoding=\"async\" width=\"600\" height=\"450\" data-src=\"https:\/\/materterra.fr\/wp-content\/uploads\/2022\/06\/Olivier-cueilliere-miel2r.png\" alt=\"Olivier association MATERRA - Mater Terra\" class=\"wp-image-430 lazyload\" data-srcset=\"https:\/\/materterra.fr\/wp-content\/uploads\/2022\/06\/Olivier-cueilliere-miel2r.png 600w, https:\/\/materterra.fr\/wp-content\/uploads\/2022\/06\/Olivier-cueilliere-miel2r-300x225.png 300w\" data-sizes=\"(max-width: 600px) 100vw, 600px\" src=\"data:image\/svg+xml;base64,PHN2ZyB3aWR0aD0iMSIgaGVpZ2h0PSIxIiB4bWxucz0iaHR0cDovL3d3dy53My5vcmcvMjAwMC9zdmciPjwvc3ZnPg==\" style=\"--smush-placeholder-width: 600px; --smush-placeholder-aspect-ratio: 600\/450;\" \/><figcaption>Cuill\u00e8re \u00e0 miel<\/figcaption><\/figure><\/div>\n\n\n\n<hr class=\"wp-block-separator has-text-color has-background has-green-background-color has-green-color is-style-twentytwentyone-separator-thick\"\/>\n\n\n\n<p class=\"has-text-align-center\">Revenir \u00e0 la page \u00ab\u00a0<a href=\"https:\/\/materterra.fr\/?page_id=142\">CONCEPT<\/a> \u00a0\u00bb&nbsp;.<\/p>\n","protected":false},"excerpt":{"rendered":"<p>Nous profitons de la p\u00e9riode de la taille des arbres principaux de la culture m\u00e9diterran\u00e9enne (l\u2019Olivier) pour compl\u00e9ter les ustensiles de cuisine. Les photos suivantes sont des exemples : il y a une infini de possibilit\u00e9s gr\u00e2ce \u00e0 la diversit\u00e9 des formes et dimensions des branches. Taille des arbres raisonn\u00e9e = esprit Materra conserv\u00e9 !&hellip; <a class=\"more-link\" href=\"https:\/\/materterra.fr\/?page_id=413\">Poursuivre la lecture <span class=\"screen-reader-text\">Ustensiles en bois d&rsquo;Olivier<\/span><\/a><\/p>\n","protected":false},"author":1,"featured_media":0,"parent":142,"menu_order":1,"comment_status":"closed","ping_status":"closed","template":"","meta":{"footnotes":""},"class_list":["post-413","page","type-page","status-publish","hentry","entry"],"yoast_head":"<!-- This site is optimized with the Yoast SEO plugin v25.8 - https:\/\/yoast.com\/wordpress\/plugins\/seo\/ -->\n<title>Ustensiles en bois d&#039;Olivier &#8226; Bienvenue sur le site de l&#039;association<\/title>\n<meta name=\"robots\" content=\"index, follow, max-snippet:-1, max-image-preview:large, max-video-preview:-1\" \/>\n<link rel=\"canonical\" href=\"https:\/\/materterra.fr\/?page_id=413\" \/>\n<meta property=\"og:locale\" content=\"fr_FR\" \/>\n<meta property=\"og:type\" content=\"article\" \/>\n<meta property=\"og:title\" content=\"Ustensiles en bois d&#039;Olivier &#8226; Bienvenue sur le site de l&#039;association\" \/>\n<meta property=\"og:description\" content=\"Nous profitons de la p\u00e9riode de la taille des arbres principaux de la culture m\u00e9diterran\u00e9enne (l\u2019Olivier) pour compl\u00e9ter les ustensiles de cuisine. Les photos suivantes sont des exemples : il y a une infini de possibilit\u00e9s gr\u00e2ce \u00e0 la diversit\u00e9 des formes et dimensions des branches. Taille des arbres raisonn\u00e9e = esprit Materra conserv\u00e9 !&hellip; Poursuivre la lecture Ustensiles en bois d&rsquo;Olivier\" \/>\n<meta property=\"og:url\" content=\"https:\/\/materterra.fr\/?page_id=413\" \/>\n<meta property=\"og:site_name\" content=\"Bienvenue sur le site de l&#039;association\" \/>\n<meta property=\"article:modified_time\" content=\"2022-06-19T17:19:43+00:00\" \/>\n<meta property=\"og:image\" content=\"https:\/\/materterra.fr\/wp-content\/uploads\/2022\/06\/Olivier-cueilliere-longue2r.png\" \/>\n<meta name=\"twitter:card\" content=\"summary_large_image\" \/>\n<meta name=\"twitter:label1\" content=\"Dur\u00e9e de lecture estim\u00e9e\" \/>\n\t<meta name=\"twitter:data1\" content=\"3 minutes\" \/>\n<script type=\"application\/ld+json\" class=\"yoast-schema-graph\">{\"@context\":\"https:\/\/schema.org\",\"@graph\":[{\"@type\":\"WebPage\",\"@id\":\"https:\/\/materterra.fr\/?page_id=413\",\"url\":\"https:\/\/materterra.fr\/?page_id=413\",\"name\":\"Ustensiles en bois d'Olivier &#8226; Bienvenue sur le site de l&#039;association\",\"isPartOf\":{\"@id\":\"https:\/\/materterra.fr\/#website\"},\"primaryImageOfPage\":{\"@id\":\"https:\/\/materterra.fr\/?page_id=413#primaryimage\"},\"image\":{\"@id\":\"https:\/\/materterra.fr\/?page_id=413#primaryimage\"},\"thumbnailUrl\":\"https:\/\/materterra.fr\/wp-content\/uploads\/2022\/06\/Olivier-cueilliere-longue2r.png\",\"datePublished\":\"2022-06-19T16:55:23+00:00\",\"dateModified\":\"2022-06-19T17:19:43+00:00\",\"breadcrumb\":{\"@id\":\"https:\/\/materterra.fr\/?page_id=413#breadcrumb\"},\"inLanguage\":\"fr-FR\",\"potentialAction\":[{\"@type\":\"ReadAction\",\"target\":[\"https:\/\/materterra.fr\/?page_id=413\"]}]},{\"@type\":\"ImageObject\",\"inLanguage\":\"fr-FR\",\"@id\":\"https:\/\/materterra.fr\/?page_id=413#primaryimage\",\"url\":\"https:\/\/materterra.fr\/wp-content\/uploads\/2022\/06\/Olivier-cueilliere-longue2r.png\",\"contentUrl\":\"https:\/\/materterra.fr\/wp-content\/uploads\/2022\/06\/Olivier-cueilliere-longue2r.png\",\"width\":600,\"height\":450,\"caption\":\"Olivier association MATERRA - Mater Terra\"},{\"@type\":\"BreadcrumbList\",\"@id\":\"https:\/\/materterra.fr\/?page_id=413#breadcrumb\",\"itemListElement\":[{\"@type\":\"ListItem\",\"position\":1,\"name\":\"Accueil\",\"item\":\"https:\/\/materterra.fr\/\"},{\"@type\":\"ListItem\",\"position\":2,\"name\":\"Concept\",\"item\":\"https:\/\/materterra.fr\/?page_id=142\"},{\"@type\":\"ListItem\",\"position\":3,\"name\":\"Ustensiles en bois d&rsquo;Olivier\"}]},{\"@type\":\"WebSite\",\"@id\":\"https:\/\/materterra.fr\/#website\",\"url\":\"https:\/\/materterra.fr\/\",\"name\":\"Bienvenue sur le site de l&#039;association\",\"description\":\"MATERRA ASSOCIATION LOI 1901\",\"publisher\":{\"@id\":\"https:\/\/materterra.fr\/#organization\"},\"potentialAction\":[{\"@type\":\"SearchAction\",\"target\":{\"@type\":\"EntryPoint\",\"urlTemplate\":\"https:\/\/materterra.fr\/?s={search_term_string}\"},\"query-input\":{\"@type\":\"PropertyValueSpecification\",\"valueRequired\":true,\"valueName\":\"search_term_string\"}}],\"inLanguage\":\"fr-FR\"},{\"@type\":\"Organization\",\"@id\":\"https:\/\/materterra.fr\/#organization\",\"name\":\"MATERRA ASSOCIATION\",\"url\":\"https:\/\/materterra.fr\/\",\"logo\":{\"@type\":\"ImageObject\",\"inLanguage\":\"fr-FR\",\"@id\":\"https:\/\/materterra.fr\/#\/schema\/logo\/image\/\",\"url\":\"https:\/\/materterra.fr\/wp-content\/uploads\/2021\/08\/cropped-LOGO-Association-MATERRA-couleur.png\",\"contentUrl\":\"https:\/\/materterra.fr\/wp-content\/uploads\/2021\/08\/cropped-LOGO-Association-MATERRA-couleur.png\",\"width\":1400,\"height\":315,\"caption\":\"MATERRA ASSOCIATION\"},\"image\":{\"@id\":\"https:\/\/materterra.fr\/#\/schema\/logo\/image\/\"}}]}<\/script>\n<!-- \/ Yoast SEO plugin. -->","yoast_head_json":{"title":"Ustensiles en bois d'Olivier &#8226; Bienvenue sur le site de l&#039;association","robots":{"index":"index","follow":"follow","max-snippet":"max-snippet:-1","max-image-preview":"max-image-preview:large","max-video-preview":"max-video-preview:-1"},"canonical":"https:\/\/materterra.fr\/?page_id=413","og_locale":"fr_FR","og_type":"article","og_title":"Ustensiles en bois d'Olivier &#8226; Bienvenue sur le site de l&#039;association","og_description":"Nous profitons de la p\u00e9riode de la taille des arbres principaux de la culture m\u00e9diterran\u00e9enne (l\u2019Olivier) pour compl\u00e9ter les ustensiles de cuisine. Les photos suivantes sont des exemples : il y a une infini de possibilit\u00e9s gr\u00e2ce \u00e0 la diversit\u00e9 des formes et dimensions des branches. Taille des arbres raisonn\u00e9e = esprit Materra conserv\u00e9 !&hellip; Poursuivre la lecture Ustensiles en bois d&rsquo;Olivier","og_url":"https:\/\/materterra.fr\/?page_id=413","og_site_name":"Bienvenue sur le site de l&#039;association","article_modified_time":"2022-06-19T17:19:43+00:00","og_image":[{"url":"https:\/\/materterra.fr\/wp-content\/uploads\/2022\/06\/Olivier-cueilliere-longue2r.png","type":"","width":"","height":""}],"twitter_card":"summary_large_image","twitter_misc":{"Dur\u00e9e de lecture estim\u00e9e":"3 minutes"},"schema":{"@context":"https:\/\/schema.org","@graph":[{"@type":"WebPage","@id":"https:\/\/materterra.fr\/?page_id=413","url":"https:\/\/materterra.fr\/?page_id=413","name":"Ustensiles en bois d'Olivier &#8226; Bienvenue sur le site de l&#039;association","isPartOf":{"@id":"https:\/\/materterra.fr\/#website"},"primaryImageOfPage":{"@id":"https:\/\/materterra.fr\/?page_id=413#primaryimage"},"image":{"@id":"https:\/\/materterra.fr\/?page_id=413#primaryimage"},"thumbnailUrl":"https:\/\/materterra.fr\/wp-content\/uploads\/2022\/06\/Olivier-cueilliere-longue2r.png","datePublished":"2022-06-19T16:55:23+00:00","dateModified":"2022-06-19T17:19:43+00:00","breadcrumb":{"@id":"https:\/\/materterra.fr\/?page_id=413#breadcrumb"},"inLanguage":"fr-FR","potentialAction":[{"@type":"ReadAction","target":["https:\/\/materterra.fr\/?page_id=413"]}]},{"@type":"ImageObject","inLanguage":"fr-FR","@id":"https:\/\/materterra.fr\/?page_id=413#primaryimage","url":"https:\/\/materterra.fr\/wp-content\/uploads\/2022\/06\/Olivier-cueilliere-longue2r.png","contentUrl":"https:\/\/materterra.fr\/wp-content\/uploads\/2022\/06\/Olivier-cueilliere-longue2r.png","width":600,"height":450,"caption":"Olivier association MATERRA - Mater Terra"},{"@type":"BreadcrumbList","@id":"https:\/\/materterra.fr\/?page_id=413#breadcrumb","itemListElement":[{"@type":"ListItem","position":1,"name":"Accueil","item":"https:\/\/materterra.fr\/"},{"@type":"ListItem","position":2,"name":"Concept","item":"https:\/\/materterra.fr\/?page_id=142"},{"@type":"ListItem","position":3,"name":"Ustensiles en bois d&rsquo;Olivier"}]},{"@type":"WebSite","@id":"https:\/\/materterra.fr\/#website","url":"https:\/\/materterra.fr\/","name":"Bienvenue sur le site de l&#039;association","description":"MATERRA ASSOCIATION LOI 1901","publisher":{"@id":"https:\/\/materterra.fr\/#organization"},"potentialAction":[{"@type":"SearchAction","target":{"@type":"EntryPoint","urlTemplate":"https:\/\/materterra.fr\/?s={search_term_string}"},"query-input":{"@type":"PropertyValueSpecification","valueRequired":true,"valueName":"search_term_string"}}],"inLanguage":"fr-FR"},{"@type":"Organization","@id":"https:\/\/materterra.fr\/#organization","name":"MATERRA ASSOCIATION","url":"https:\/\/materterra.fr\/","logo":{"@type":"ImageObject","inLanguage":"fr-FR","@id":"https:\/\/materterra.fr\/#\/schema\/logo\/image\/","url":"https:\/\/materterra.fr\/wp-content\/uploads\/2021\/08\/cropped-LOGO-Association-MATERRA-couleur.png","contentUrl":"https:\/\/materterra.fr\/wp-content\/uploads\/2021\/08\/cropped-LOGO-Association-MATERRA-couleur.png","width":1400,"height":315,"caption":"MATERRA ASSOCIATION"},"image":{"@id":"https:\/\/materterra.fr\/#\/schema\/logo\/image\/"}}]}},"_links":{"self":[{"href":"https:\/\/materterra.fr\/index.php?rest_route=\/wp\/v2\/pages\/413","targetHints":{"allow":["GET"]}}],"collection":[{"href":"https:\/\/materterra.fr\/index.php?rest_route=\/wp\/v2\/pages"}],"about":[{"href":"https:\/\/materterra.fr\/index.php?rest_route=\/wp\/v2\/types\/page"}],"author":[{"embeddable":true,"href":"https:\/\/materterra.fr\/index.php?rest_route=\/wp\/v2\/users\/1"}],"replies":[{"embeddable":true,"href":"https:\/\/materterra.fr\/index.php?rest_route=%2Fwp%2Fv2%2Fcomments&post=413"}],"version-history":[{"count":6,"href":"https:\/\/materterra.fr\/index.php?rest_route=\/wp\/v2\/pages\/413\/revisions"}],"predecessor-version":[{"id":431,"href":"https:\/\/materterra.fr\/index.php?rest_route=\/wp\/v2\/pages\/413\/revisions\/431"}],"up":[{"embeddable":true,"href":"https:\/\/materterra.fr\/index.php?rest_route=\/wp\/v2\/pages\/142"}],"wp:attachment":[{"href":"https:\/\/materterra.fr\/index.php?rest_route=%2Fwp%2Fv2%2Fmedia&parent=413"}],"curies":[{"name":"wp","href":"https:\/\/api.w.org\/{rel}","templated":true}]}}