{"id":368,"date":"2022-03-26T19:08:27","date_gmt":"2022-03-26T18:08:27","guid":{"rendered":"https:\/\/materterra.fr\/?page_id=368"},"modified":"2022-03-26T19:31:11","modified_gmt":"2022-03-26T18:31:11","slug":"vase","status":"publish","type":"page","link":"https:\/\/materterra.fr\/?page_id=368","title":{"rendered":"Vase en li\u00e8ge"},"content":{"rendered":"\n<h3 class=\"has-text-align-center wp-block-heading\">Issus de la VEGAN s\u00e9rie, les vases sont des cr\u00e9ations \u00e0 partir de branches de ch\u00eane li\u00e8ge au sol (tomb\u00e9es, arrach\u00e9es et rarement issues d\u2019une taille).<\/h3>\n\n\n\n<div class=\"wp-block-columns is-layout-flex wp-container-core-columns-is-layout-9d6595d7 wp-block-columns-is-layout-flex\">\n<div class=\"wp-block-column is-layout-flow wp-block-column-is-layout-flow\">\n<div class=\"wp-block-image is-style-rounded\"><figure class=\"aligncenter size-full\"><img decoding=\"async\" width=\"450\" height=\"600\" data-src=\"https:\/\/materterra.fr\/wp-content\/uploads\/2022\/03\/liege2r.png\" alt=\"Vase li\u00e8ge association MATERRA - Mater Terra\" class=\"wp-image-374 lazyload\" data-srcset=\"https:\/\/materterra.fr\/wp-content\/uploads\/2022\/03\/liege2r.png 450w, https:\/\/materterra.fr\/wp-content\/uploads\/2022\/03\/liege2r-225x300.png 225w\" data-sizes=\"(max-width: 450px) 100vw, 450px\" src=\"data:image\/svg+xml;base64,PHN2ZyB3aWR0aD0iMSIgaGVpZ2h0PSIxIiB4bWxucz0iaHR0cDovL3d3dy53My5vcmcvMjAwMC9zdmciPjwvc3ZnPg==\" style=\"--smush-placeholder-width: 450px; --smush-placeholder-aspect-ratio: 450\/600;\" \/><\/figure><\/div>\n<\/div>\n\n\n\n<div class=\"wp-block-column is-layout-flow wp-block-column-is-layout-flow\">\n<figure class=\"wp-block-image size-full is-style-rounded\"><img decoding=\"async\" width=\"450\" height=\"600\" data-src=\"https:\/\/materterra.fr\/wp-content\/uploads\/2022\/03\/Liege3r.png\" alt=\"Vase li\u00e8ge association MATERRA - Mater Terra\" class=\"wp-image-375 lazyload\" data-srcset=\"https:\/\/materterra.fr\/wp-content\/uploads\/2022\/03\/Liege3r.png 450w, https:\/\/materterra.fr\/wp-content\/uploads\/2022\/03\/Liege3r-225x300.png 225w\" data-sizes=\"(max-width: 450px) 100vw, 450px\" src=\"data:image\/svg+xml;base64,PHN2ZyB3aWR0aD0iMSIgaGVpZ2h0PSIxIiB4bWxucz0iaHR0cDovL3d3dy53My5vcmcvMjAwMC9zdmciPjwvc3ZnPg==\" style=\"--smush-placeholder-width: 450px; --smush-placeholder-aspect-ratio: 450\/600;\" \/><\/figure>\n<\/div>\n<\/div>\n\n\n\n<h3 class=\"has-text-align-center wp-block-heading\">Selon les dimensions de la branche, le diam\u00e8tre et la longueur du \u00ab\u00a0vase final\u00a0\u00bb seront en lien avec la fleur accueillie. L\u2019int\u00e9rieur du pot est tapiss\u00e9 de cire d\u2019abeille ce qui permet une imperm\u00e9abilit\u00e9 lors de l\u2019arrosage et limite une d\u00e9gradation trop rapide du li\u00e8ge.<\/h3>\n\n\n\n<div class=\"wp-block-image\"><figure class=\"aligncenter size-full\"><img decoding=\"async\" width=\"450\" height=\"600\" data-src=\"https:\/\/materterra.fr\/wp-content\/uploads\/2022\/03\/Liege1r.png\" alt=\"Li\u00e8ge association MATERRA - Mater Terra\" class=\"wp-image-373 lazyload\" data-srcset=\"https:\/\/materterra.fr\/wp-content\/uploads\/2022\/03\/Liege1r.png 450w, https:\/\/materterra.fr\/wp-content\/uploads\/2022\/03\/Liege1r-225x300.png 225w\" data-sizes=\"(max-width: 450px) 100vw, 450px\" src=\"data:image\/svg+xml;base64,PHN2ZyB3aWR0aD0iMSIgaGVpZ2h0PSIxIiB4bWxucz0iaHR0cDovL3d3dy53My5vcmcvMjAwMC9zdmciPjwvc3ZnPg==\" style=\"--smush-placeholder-width: 450px; --smush-placeholder-aspect-ratio: 450\/600;\" \/><figcaption>D\u00e9part du vase en li\u00e8ge<\/figcaption><\/figure><\/div>\n\n\n\n<p class=\"has-text-align-center\">Revenir \u00e0 la page \u00ab\u00a0<a href=\"https:\/\/materterra.fr\/?page_id=142\">CONCEPT\u00a0\u00bb<\/a><\/p>\n","protected":false},"excerpt":{"rendered":"<p>Issus de la VEGAN s\u00e9rie, les vases sont des cr\u00e9ations \u00e0 partir de branches de ch\u00eane li\u00e8ge au sol (tomb\u00e9es, arrach\u00e9es et rarement issues d\u2019une taille). Selon les dimensions de la branche, le diam\u00e8tre et la longueur du \u00ab\u00a0vase final\u00a0\u00bb seront en lien avec la fleur accueillie. L\u2019int\u00e9rieur du pot est tapiss\u00e9 de cire d\u2019abeille&hellip; <a class=\"more-link\" href=\"https:\/\/materterra.fr\/?page_id=368\">Poursuivre la lecture <span class=\"screen-reader-text\">Vase en li\u00e8ge<\/span><\/a><\/p>\n","protected":false},"author":1,"featured_media":0,"parent":142,"menu_order":0,"comment_status":"closed","ping_status":"closed","template":"","meta":{"footnotes":""},"class_list":["post-368","page","type-page","status-publish","hentry","entry"],"yoast_head":"<!-- This site is optimized with the Yoast SEO plugin v25.8 - https:\/\/yoast.com\/wordpress\/plugins\/seo\/ -->\n<title>Vase en li\u00e8ge &#8226; Bienvenue sur le site de l&#039;association<\/title>\n<meta name=\"robots\" content=\"index, follow, max-snippet:-1, max-image-preview:large, max-video-preview:-1\" \/>\n<link rel=\"canonical\" href=\"https:\/\/materterra.fr\/?page_id=368\" \/>\n<meta property=\"og:locale\" content=\"fr_FR\" \/>\n<meta property=\"og:type\" content=\"article\" \/>\n<meta property=\"og:title\" content=\"Vase en li\u00e8ge &#8226; Bienvenue sur le site de l&#039;association\" \/>\n<meta property=\"og:description\" content=\"Issus de la VEGAN s\u00e9rie, les vases sont des cr\u00e9ations \u00e0 partir de branches de ch\u00eane li\u00e8ge au sol (tomb\u00e9es, arrach\u00e9es et rarement issues d\u2019une taille). Selon les dimensions de la branche, le diam\u00e8tre et la longueur du \u00ab\u00a0vase final\u00a0\u00bb seront en lien avec la fleur accueillie. L\u2019int\u00e9rieur du pot est tapiss\u00e9 de cire d\u2019abeille&hellip; Poursuivre la lecture Vase en li\u00e8ge\" \/>\n<meta property=\"og:url\" content=\"https:\/\/materterra.fr\/?page_id=368\" \/>\n<meta property=\"og:site_name\" content=\"Bienvenue sur le site de l&#039;association\" \/>\n<meta property=\"article:modified_time\" content=\"2022-03-26T18:31:11+00:00\" \/>\n<meta property=\"og:image\" content=\"https:\/\/materterra.fr\/wp-content\/uploads\/2022\/03\/liege2r.png\" \/>\n<meta name=\"twitter:card\" content=\"summary_large_image\" \/>\n<meta name=\"twitter:label1\" content=\"Dur\u00e9e de lecture estim\u00e9e\" \/>\n\t<meta name=\"twitter:data1\" content=\"2 minutes\" \/>\n<script type=\"application\/ld+json\" class=\"yoast-schema-graph\">{\"@context\":\"https:\/\/schema.org\",\"@graph\":[{\"@type\":\"WebPage\",\"@id\":\"https:\/\/materterra.fr\/?page_id=368\",\"url\":\"https:\/\/materterra.fr\/?page_id=368\",\"name\":\"Vase en li\u00e8ge &#8226; Bienvenue sur le site de l&#039;association\",\"isPartOf\":{\"@id\":\"https:\/\/materterra.fr\/#website\"},\"primaryImageOfPage\":{\"@id\":\"https:\/\/materterra.fr\/?page_id=368#primaryimage\"},\"image\":{\"@id\":\"https:\/\/materterra.fr\/?page_id=368#primaryimage\"},\"thumbnailUrl\":\"https:\/\/materterra.fr\/wp-content\/uploads\/2022\/03\/liege2r.png\",\"datePublished\":\"2022-03-26T18:08:27+00:00\",\"dateModified\":\"2022-03-26T18:31:11+00:00\",\"breadcrumb\":{\"@id\":\"https:\/\/materterra.fr\/?page_id=368#breadcrumb\"},\"inLanguage\":\"fr-FR\",\"potentialAction\":[{\"@type\":\"ReadAction\",\"target\":[\"https:\/\/materterra.fr\/?page_id=368\"]}]},{\"@type\":\"ImageObject\",\"inLanguage\":\"fr-FR\",\"@id\":\"https:\/\/materterra.fr\/?page_id=368#primaryimage\",\"url\":\"https:\/\/materterra.fr\/wp-content\/uploads\/2022\/03\/liege2r.png\",\"contentUrl\":\"https:\/\/materterra.fr\/wp-content\/uploads\/2022\/03\/liege2r.png\",\"width\":450,\"height\":600,\"caption\":\"Vase li\u00e8ge association MATERRA - Mater Terra\"},{\"@type\":\"BreadcrumbList\",\"@id\":\"https:\/\/materterra.fr\/?page_id=368#breadcrumb\",\"itemListElement\":[{\"@type\":\"ListItem\",\"position\":1,\"name\":\"Accueil\",\"item\":\"https:\/\/materterra.fr\/\"},{\"@type\":\"ListItem\",\"position\":2,\"name\":\"Concept\",\"item\":\"https:\/\/materterra.fr\/?page_id=142\"},{\"@type\":\"ListItem\",\"position\":3,\"name\":\"Vase en li\u00e8ge\"}]},{\"@type\":\"WebSite\",\"@id\":\"https:\/\/materterra.fr\/#website\",\"url\":\"https:\/\/materterra.fr\/\",\"name\":\"Bienvenue sur le site de l&#039;association\",\"description\":\"MATERRA ASSOCIATION LOI 1901\",\"publisher\":{\"@id\":\"https:\/\/materterra.fr\/#organization\"},\"potentialAction\":[{\"@type\":\"SearchAction\",\"target\":{\"@type\":\"EntryPoint\",\"urlTemplate\":\"https:\/\/materterra.fr\/?s={search_term_string}\"},\"query-input\":{\"@type\":\"PropertyValueSpecification\",\"valueRequired\":true,\"valueName\":\"search_term_string\"}}],\"inLanguage\":\"fr-FR\"},{\"@type\":\"Organization\",\"@id\":\"https:\/\/materterra.fr\/#organization\",\"name\":\"MATERRA ASSOCIATION\",\"url\":\"https:\/\/materterra.fr\/\",\"logo\":{\"@type\":\"ImageObject\",\"inLanguage\":\"fr-FR\",\"@id\":\"https:\/\/materterra.fr\/#\/schema\/logo\/image\/\",\"url\":\"https:\/\/materterra.fr\/wp-content\/uploads\/2021\/08\/cropped-LOGO-Association-MATERRA-couleur.png\",\"contentUrl\":\"https:\/\/materterra.fr\/wp-content\/uploads\/2021\/08\/cropped-LOGO-Association-MATERRA-couleur.png\",\"width\":1400,\"height\":315,\"caption\":\"MATERRA ASSOCIATION\"},\"image\":{\"@id\":\"https:\/\/materterra.fr\/#\/schema\/logo\/image\/\"}}]}<\/script>\n<!-- \/ Yoast SEO plugin. -->","yoast_head_json":{"title":"Vase en li\u00e8ge &#8226; Bienvenue sur le site de l&#039;association","robots":{"index":"index","follow":"follow","max-snippet":"max-snippet:-1","max-image-preview":"max-image-preview:large","max-video-preview":"max-video-preview:-1"},"canonical":"https:\/\/materterra.fr\/?page_id=368","og_locale":"fr_FR","og_type":"article","og_title":"Vase en li\u00e8ge &#8226; Bienvenue sur le site de l&#039;association","og_description":"Issus de la VEGAN s\u00e9rie, les vases sont des cr\u00e9ations \u00e0 partir de branches de ch\u00eane li\u00e8ge au sol (tomb\u00e9es, arrach\u00e9es et rarement issues d\u2019une taille). Selon les dimensions de la branche, le diam\u00e8tre et la longueur du \u00ab\u00a0vase final\u00a0\u00bb seront en lien avec la fleur accueillie. L\u2019int\u00e9rieur du pot est tapiss\u00e9 de cire d\u2019abeille&hellip; Poursuivre la lecture Vase en li\u00e8ge","og_url":"https:\/\/materterra.fr\/?page_id=368","og_site_name":"Bienvenue sur le site de l&#039;association","article_modified_time":"2022-03-26T18:31:11+00:00","og_image":[{"url":"https:\/\/materterra.fr\/wp-content\/uploads\/2022\/03\/liege2r.png","type":"","width":"","height":""}],"twitter_card":"summary_large_image","twitter_misc":{"Dur\u00e9e de lecture estim\u00e9e":"2 minutes"},"schema":{"@context":"https:\/\/schema.org","@graph":[{"@type":"WebPage","@id":"https:\/\/materterra.fr\/?page_id=368","url":"https:\/\/materterra.fr\/?page_id=368","name":"Vase en li\u00e8ge &#8226; Bienvenue sur le site de l&#039;association","isPartOf":{"@id":"https:\/\/materterra.fr\/#website"},"primaryImageOfPage":{"@id":"https:\/\/materterra.fr\/?page_id=368#primaryimage"},"image":{"@id":"https:\/\/materterra.fr\/?page_id=368#primaryimage"},"thumbnailUrl":"https:\/\/materterra.fr\/wp-content\/uploads\/2022\/03\/liege2r.png","datePublished":"2022-03-26T18:08:27+00:00","dateModified":"2022-03-26T18:31:11+00:00","breadcrumb":{"@id":"https:\/\/materterra.fr\/?page_id=368#breadcrumb"},"inLanguage":"fr-FR","potentialAction":[{"@type":"ReadAction","target":["https:\/\/materterra.fr\/?page_id=368"]}]},{"@type":"ImageObject","inLanguage":"fr-FR","@id":"https:\/\/materterra.fr\/?page_id=368#primaryimage","url":"https:\/\/materterra.fr\/wp-content\/uploads\/2022\/03\/liege2r.png","contentUrl":"https:\/\/materterra.fr\/wp-content\/uploads\/2022\/03\/liege2r.png","width":450,"height":600,"caption":"Vase li\u00e8ge association MATERRA - Mater Terra"},{"@type":"BreadcrumbList","@id":"https:\/\/materterra.fr\/?page_id=368#breadcrumb","itemListElement":[{"@type":"ListItem","position":1,"name":"Accueil","item":"https:\/\/materterra.fr\/"},{"@type":"ListItem","position":2,"name":"Concept","item":"https:\/\/materterra.fr\/?page_id=142"},{"@type":"ListItem","position":3,"name":"Vase en li\u00e8ge"}]},{"@type":"WebSite","@id":"https:\/\/materterra.fr\/#website","url":"https:\/\/materterra.fr\/","name":"Bienvenue sur le site de l&#039;association","description":"MATERRA ASSOCIATION LOI 1901","publisher":{"@id":"https:\/\/materterra.fr\/#organization"},"potentialAction":[{"@type":"SearchAction","target":{"@type":"EntryPoint","urlTemplate":"https:\/\/materterra.fr\/?s={search_term_string}"},"query-input":{"@type":"PropertyValueSpecification","valueRequired":true,"valueName":"search_term_string"}}],"inLanguage":"fr-FR"},{"@type":"Organization","@id":"https:\/\/materterra.fr\/#organization","name":"MATERRA ASSOCIATION","url":"https:\/\/materterra.fr\/","logo":{"@type":"ImageObject","inLanguage":"fr-FR","@id":"https:\/\/materterra.fr\/#\/schema\/logo\/image\/","url":"https:\/\/materterra.fr\/wp-content\/uploads\/2021\/08\/cropped-LOGO-Association-MATERRA-couleur.png","contentUrl":"https:\/\/materterra.fr\/wp-content\/uploads\/2021\/08\/cropped-LOGO-Association-MATERRA-couleur.png","width":1400,"height":315,"caption":"MATERRA ASSOCIATION"},"image":{"@id":"https:\/\/materterra.fr\/#\/schema\/logo\/image\/"}}]}},"_links":{"self":[{"href":"https:\/\/materterra.fr\/index.php?rest_route=\/wp\/v2\/pages\/368","targetHints":{"allow":["GET"]}}],"collection":[{"href":"https:\/\/materterra.fr\/index.php?rest_route=\/wp\/v2\/pages"}],"about":[{"href":"https:\/\/materterra.fr\/index.php?rest_route=\/wp\/v2\/types\/page"}],"author":[{"embeddable":true,"href":"https:\/\/materterra.fr\/index.php?rest_route=\/wp\/v2\/users\/1"}],"replies":[{"embeddable":true,"href":"https:\/\/materterra.fr\/index.php?rest_route=%2Fwp%2Fv2%2Fcomments&post=368"}],"version-history":[{"count":3,"href":"https:\/\/materterra.fr\/index.php?rest_route=\/wp\/v2\/pages\/368\/revisions"}],"predecessor-version":[{"id":378,"href":"https:\/\/materterra.fr\/index.php?rest_route=\/wp\/v2\/pages\/368\/revisions\/378"}],"up":[{"embeddable":true,"href":"https:\/\/materterra.fr\/index.php?rest_route=\/wp\/v2\/pages\/142"}],"wp:attachment":[{"href":"https:\/\/materterra.fr\/index.php?rest_route=%2Fwp%2Fv2%2Fmedia&parent=368"}],"curies":[{"name":"wp","href":"https:\/\/api.w.org\/{rel}","templated":true}]}}