{"id":20,"date":"2021-08-23T12:05:12","date_gmt":"2021-08-23T10:05:12","guid":{"rendered":"http:\/\/materterra.fr\/?page_id=20"},"modified":"2023-01-07T15:47:52","modified_gmt":"2023-01-07T14:47:52","slug":"a-propos-de-notre-association","status":"publish","type":"page","link":"https:\/\/materterra.fr\/?page_id=20","title":{"rendered":"\u00c0 propos de notre association"},"content":{"rendered":"\n<p>Le souhait de notre association MATERRA &#8211; Mater Terra est de donner une seconde vie et usage \u00e0 des \u00e9l\u00e9ments naturels. La cr\u00e9ation d\u2019objets est privil\u00e9gi\u00e9e \u00e0 partir de mat\u00e9riaux et \u00e9l\u00e9ments issus de la nature sans pour autant amput\u00e9e un \u00e9l\u00e9ment \u00ab&nbsp;vivant&nbsp;\u00bb \u00e0 la nature m\u00eame.<\/p>\n\n\n\n<p>Nous privil\u00e9gions <strong>les morceaux de bois<\/strong> acquis suite \u00e0 un ph\u00e9nom\u00e8ne naturel (bois arrach\u00e9s par une temp\u00eate, bois brul\u00e9 par un incendie, bois d\u00e9racin\u00e9s par une chute de terrain, bois rapport\u00e9s par la mer dits \u00ab\u00a0bois flott\u00e9s\u00a0\u00bb \u2026) ; et <strong>les \u00e9l\u00e9ments naturellement recycl\u00e9s par la nature<\/strong> comme le li\u00e8ge et v\u00e9g\u00e9taux repoussant apr\u00e8s une taille r\u00e9alis\u00e9e par l&rsquo;Homme ; et aussi <strong>les \u00e9l\u00e9ments min\u00e9raux <\/strong>(pierre, galets).<\/p>\n\n\n\n<hr class=\"wp-block-separator has-text-color has-vivid-cyan-blue-color has-css-opacity has-vivid-cyan-blue-background-color has-background is-style-default\"\/>\n\n\n\n<p>Dans un esprit artistique libre, deux principales familles de cr\u00e9ation d\u2019objet seront propos\u00e9s&nbsp;:<\/p>\n\n\n\n<ol class=\"wp-block-list\">\n<li>Une <strong><a href=\"http:\/\/materterra.fr\/?page_id=129\" data-type=\"page\" data-id=\"129\">gamme enti\u00e8rement naturelle<\/a><\/strong> (aucune utilisation de produit chimique lors de l\u2019\u00e9laboration de l\u2019objet),<\/li>\n\n\n\n<li>Une <strong><a href=\"http:\/\/materterra.fr\/?page_id=137\" data-type=\"page\" data-id=\"137\">gamme mixte<\/a><\/strong> avec l\u2019utilisation de produit chimique (par exemple de la peinture, du vernis, de la r\u00e9sine).<\/li>\n<\/ol>\n\n\n\n<div style=\"height:10px\" aria-hidden=\"true\" class=\"wp-block-spacer\"><\/div>\n\n\n\n<p>La cr\u00e9ation d&rsquo;objets est issue de diverses acquisitions :<\/p>\n\n\n\n<ul class=\"wp-block-list\">\n<li>Une prospection libre dans la nature (dans le <strong>respect de m\u00e8re Nature et les lois en vigueur<\/strong>),<\/li>\n\n\n\n<li>Grace aux <strong>dons<\/strong> (exemples transmis sur les photos des cr\u00e9ations),<\/li>\n\n\n\n<li>La r\u00e9cup\u00e9ration des \u00e9l\u00e9ments naturels en demandant aux propri\u00e9taires des terrains concern\u00e9s.<\/li>\n<\/ul>\n\n\n\n<div style=\"height:10px\" aria-hidden=\"true\" class=\"wp-block-spacer\"><\/div>\n\n\n\n<p>Si vous avez une id\u00e9e de projet, un souhait ou un cadeau \u00e0 r\u00e9aliser, n&rsquo;h\u00e9sitez pas \u00e0 nous contacter via <a href=\"https:\/\/materterra.fr\/?page_id=21\">notre formulaire de contact<\/a>. Selon les accessoires qui composent la cr\u00e9ation, nous vous demandons de fournir, de fabriquer ou d&rsquo;acheter \u00e0 prix co\u00fbtant les accessoires en question.<\/p>\n\n\n\n<p>Quelque soit la cr\u00e9ation demand\u00e9e, nous demandons un don financier du montant que vous souhaitez. Ce don permet le fonctionnement de l&rsquo;association (achat d&rsquo;outils, gestion des consommables, &#8230;)<\/p>\n\n\n\n<figure class=\"wp-block-pullquote has-border-color has-green-border-color has-black-color has-white-background-color has-text-color has-background\" style=\"border-style:solid;border-width:5px;border-radius:100px\"><blockquote><p>Souvent la cr\u00e9ation est issue du don d\u2019une personne ou d\u2019une famille qui souhaite garder un souvenir.<br>Parcourrez la galerie de photos pour vous donner des id\u00e9es, personnalisez votre demande en lien direct avec l\u2019histoire de votre jardin, de la haie d\u2019arbres autour de votre maison, de la souche dans le jardin des grands-parents, de l\u2019arbre o\u00f9 vous jouiez enfant, du sapin de No\u00ebl de l\u2019ann\u00e9e de naissance de votre enfant, \u2026<br>Une nouvelle vie respectueuse de M\u00e8re Nature<\/p><cite><strong>Mater Terra<\/strong><\/cite><\/blockquote><\/figure>\n\n\n<div class=\"wp-block-image\">\n<figure class=\"aligncenter size-large\"><img decoding=\"async\" width=\"1024\" height=\"230\" data-src=\"https:\/\/materterra.fr\/wp-content\/uploads\/2021\/08\/cropped-LOGO-Association-MATERRA-couleur-1024x230.png\" alt=\"Logo association MATERRA - Mater Terra\" class=\"wp-image-46 lazyload\" data-srcset=\"https:\/\/materterra.fr\/wp-content\/uploads\/2021\/08\/cropped-LOGO-Association-MATERRA-couleur-1024x230.png 1024w, https:\/\/materterra.fr\/wp-content\/uploads\/2021\/08\/cropped-LOGO-Association-MATERRA-couleur-300x68.png 300w, https:\/\/materterra.fr\/wp-content\/uploads\/2021\/08\/cropped-LOGO-Association-MATERRA-couleur-768x173.png 768w, https:\/\/materterra.fr\/wp-content\/uploads\/2021\/08\/cropped-LOGO-Association-MATERRA-couleur-1200x270.png 1200w, https:\/\/materterra.fr\/wp-content\/uploads\/2021\/08\/cropped-LOGO-Association-MATERRA-couleur.png 1400w\" data-sizes=\"(max-width: 1024px) 100vw, 1024px\" src=\"data:image\/svg+xml;base64,PHN2ZyB3aWR0aD0iMSIgaGVpZ2h0PSIxIiB4bWxucz0iaHR0cDovL3d3dy53My5vcmcvMjAwMC9zdmciPjwvc3ZnPg==\" style=\"--smush-placeholder-width: 1024px; --smush-placeholder-aspect-ratio: 1024\/230;\" \/><\/figure><\/div>","protected":false},"excerpt":{"rendered":"<p>Le souhait de notre association MATERRA &#8211; Mater Terra est de donner une seconde vie et usage \u00e0 des \u00e9l\u00e9ments naturels. La cr\u00e9ation d\u2019objets est privil\u00e9gi\u00e9e \u00e0 partir de mat\u00e9riaux et \u00e9l\u00e9ments issus de la nature sans pour autant amput\u00e9e un \u00e9l\u00e9ment \u00ab&nbsp;vivant&nbsp;\u00bb \u00e0 la nature m\u00eame. Nous privil\u00e9gions les morceaux de bois acquis suite&hellip; <a class=\"more-link\" href=\"https:\/\/materterra.fr\/?page_id=20\">Poursuivre la lecture <span class=\"screen-reader-text\">\u00c0 propos de notre association<\/span><\/a><\/p>\n","protected":false},"author":1,"featured_media":0,"parent":0,"menu_order":0,"comment_status":"closed","ping_status":"closed","template":"","meta":{"footnotes":""},"class_list":["post-20","page","type-page","status-publish","hentry","entry"],"yoast_head":"<!-- This site is optimized with the Yoast SEO plugin v25.8 - https:\/\/yoast.com\/wordpress\/plugins\/seo\/ -->\n<title>\u00c0 propos de notre association &#8226; Bienvenue sur le site de l&#039;association<\/title>\n<meta name=\"robots\" content=\"index, follow, max-snippet:-1, max-image-preview:large, max-video-preview:-1\" \/>\n<link rel=\"canonical\" href=\"https:\/\/materterra.fr\/?page_id=20\" \/>\n<meta property=\"og:locale\" content=\"fr_FR\" \/>\n<meta property=\"og:type\" content=\"article\" \/>\n<meta property=\"og:title\" content=\"\u00c0 propos de notre association &#8226; Bienvenue sur le site de l&#039;association\" \/>\n<meta property=\"og:description\" content=\"Le souhait de notre association MATERRA &#8211; Mater Terra est de donner une seconde vie et usage \u00e0 des \u00e9l\u00e9ments naturels. La cr\u00e9ation d\u2019objets est privil\u00e9gi\u00e9e \u00e0 partir de mat\u00e9riaux et \u00e9l\u00e9ments issus de la nature sans pour autant amput\u00e9e un \u00e9l\u00e9ment \u00ab&nbsp;vivant&nbsp;\u00bb \u00e0 la nature m\u00eame. Nous privil\u00e9gions les morceaux de bois acquis suite&hellip; Poursuivre la lecture \u00c0 propos de notre association\" \/>\n<meta property=\"og:url\" content=\"https:\/\/materterra.fr\/?page_id=20\" \/>\n<meta property=\"og:site_name\" content=\"Bienvenue sur le site de l&#039;association\" \/>\n<meta property=\"article:modified_time\" content=\"2023-01-07T14:47:52+00:00\" \/>\n<meta property=\"og:image\" content=\"https:\/\/materterra.fr\/wp-content\/uploads\/2021\/08\/cropped-LOGO-Association-MATERRA-couleur-1024x230.png\" \/>\n<meta name=\"twitter:card\" content=\"summary_large_image\" \/>\n<meta name=\"twitter:label1\" content=\"Dur\u00e9e de lecture estim\u00e9e\" \/>\n\t<meta name=\"twitter:data1\" content=\"3 minutes\" \/>\n<script type=\"application\/ld+json\" class=\"yoast-schema-graph\">{\"@context\":\"https:\/\/schema.org\",\"@graph\":[{\"@type\":\"WebPage\",\"@id\":\"https:\/\/materterra.fr\/?page_id=20\",\"url\":\"https:\/\/materterra.fr\/?page_id=20\",\"name\":\"\u00c0 propos de notre association &#8226; Bienvenue sur le site de l&#039;association\",\"isPartOf\":{\"@id\":\"https:\/\/materterra.fr\/#website\"},\"primaryImageOfPage\":{\"@id\":\"https:\/\/materterra.fr\/?page_id=20#primaryimage\"},\"image\":{\"@id\":\"https:\/\/materterra.fr\/?page_id=20#primaryimage\"},\"thumbnailUrl\":\"https:\/\/materterra.fr\/wp-content\/uploads\/2021\/08\/cropped-LOGO-Association-MATERRA-couleur-1024x230.png\",\"datePublished\":\"2021-08-23T10:05:12+00:00\",\"dateModified\":\"2023-01-07T14:47:52+00:00\",\"breadcrumb\":{\"@id\":\"https:\/\/materterra.fr\/?page_id=20#breadcrumb\"},\"inLanguage\":\"fr-FR\",\"potentialAction\":[{\"@type\":\"ReadAction\",\"target\":[\"https:\/\/materterra.fr\/?page_id=20\"]}]},{\"@type\":\"ImageObject\",\"inLanguage\":\"fr-FR\",\"@id\":\"https:\/\/materterra.fr\/?page_id=20#primaryimage\",\"url\":\"https:\/\/materterra.fr\/wp-content\/uploads\/2021\/08\/cropped-LOGO-Association-MATERRA-couleur.png\",\"contentUrl\":\"https:\/\/materterra.fr\/wp-content\/uploads\/2021\/08\/cropped-LOGO-Association-MATERRA-couleur.png\",\"width\":1400,\"height\":315,\"caption\":\"Logo association MATERRA - Mater Terra\"},{\"@type\":\"BreadcrumbList\",\"@id\":\"https:\/\/materterra.fr\/?page_id=20#breadcrumb\",\"itemListElement\":[{\"@type\":\"ListItem\",\"position\":1,\"name\":\"Accueil\",\"item\":\"https:\/\/materterra.fr\/\"},{\"@type\":\"ListItem\",\"position\":2,\"name\":\"\u00c0 propos de notre association\"}]},{\"@type\":\"WebSite\",\"@id\":\"https:\/\/materterra.fr\/#website\",\"url\":\"https:\/\/materterra.fr\/\",\"name\":\"Bienvenue sur le site de l&#039;association\",\"description\":\"MATERRA ASSOCIATION LOI 1901\",\"publisher\":{\"@id\":\"https:\/\/materterra.fr\/#organization\"},\"potentialAction\":[{\"@type\":\"SearchAction\",\"target\":{\"@type\":\"EntryPoint\",\"urlTemplate\":\"https:\/\/materterra.fr\/?s={search_term_string}\"},\"query-input\":{\"@type\":\"PropertyValueSpecification\",\"valueRequired\":true,\"valueName\":\"search_term_string\"}}],\"inLanguage\":\"fr-FR\"},{\"@type\":\"Organization\",\"@id\":\"https:\/\/materterra.fr\/#organization\",\"name\":\"MATERRA ASSOCIATION\",\"url\":\"https:\/\/materterra.fr\/\",\"logo\":{\"@type\":\"ImageObject\",\"inLanguage\":\"fr-FR\",\"@id\":\"https:\/\/materterra.fr\/#\/schema\/logo\/image\/\",\"url\":\"https:\/\/materterra.fr\/wp-content\/uploads\/2021\/08\/cropped-LOGO-Association-MATERRA-couleur.png\",\"contentUrl\":\"https:\/\/materterra.fr\/wp-content\/uploads\/2021\/08\/cropped-LOGO-Association-MATERRA-couleur.png\",\"width\":1400,\"height\":315,\"caption\":\"MATERRA ASSOCIATION\"},\"image\":{\"@id\":\"https:\/\/materterra.fr\/#\/schema\/logo\/image\/\"}}]}<\/script>\n<!-- \/ Yoast SEO plugin. -->","yoast_head_json":{"title":"\u00c0 propos de notre association &#8226; Bienvenue sur le site de l&#039;association","robots":{"index":"index","follow":"follow","max-snippet":"max-snippet:-1","max-image-preview":"max-image-preview:large","max-video-preview":"max-video-preview:-1"},"canonical":"https:\/\/materterra.fr\/?page_id=20","og_locale":"fr_FR","og_type":"article","og_title":"\u00c0 propos de notre association &#8226; Bienvenue sur le site de l&#039;association","og_description":"Le souhait de notre association MATERRA &#8211; Mater Terra est de donner une seconde vie et usage \u00e0 des \u00e9l\u00e9ments naturels. La cr\u00e9ation d\u2019objets est privil\u00e9gi\u00e9e \u00e0 partir de mat\u00e9riaux et \u00e9l\u00e9ments issus de la nature sans pour autant amput\u00e9e un \u00e9l\u00e9ment \u00ab&nbsp;vivant&nbsp;\u00bb \u00e0 la nature m\u00eame. Nous privil\u00e9gions les morceaux de bois acquis suite&hellip; Poursuivre la lecture \u00c0 propos de notre association","og_url":"https:\/\/materterra.fr\/?page_id=20","og_site_name":"Bienvenue sur le site de l&#039;association","article_modified_time":"2023-01-07T14:47:52+00:00","og_image":[{"url":"https:\/\/materterra.fr\/wp-content\/uploads\/2021\/08\/cropped-LOGO-Association-MATERRA-couleur-1024x230.png","type":"","width":"","height":""}],"twitter_card":"summary_large_image","twitter_misc":{"Dur\u00e9e de lecture estim\u00e9e":"3 minutes"},"schema":{"@context":"https:\/\/schema.org","@graph":[{"@type":"WebPage","@id":"https:\/\/materterra.fr\/?page_id=20","url":"https:\/\/materterra.fr\/?page_id=20","name":"\u00c0 propos de notre association &#8226; Bienvenue sur le site de l&#039;association","isPartOf":{"@id":"https:\/\/materterra.fr\/#website"},"primaryImageOfPage":{"@id":"https:\/\/materterra.fr\/?page_id=20#primaryimage"},"image":{"@id":"https:\/\/materterra.fr\/?page_id=20#primaryimage"},"thumbnailUrl":"https:\/\/materterra.fr\/wp-content\/uploads\/2021\/08\/cropped-LOGO-Association-MATERRA-couleur-1024x230.png","datePublished":"2021-08-23T10:05:12+00:00","dateModified":"2023-01-07T14:47:52+00:00","breadcrumb":{"@id":"https:\/\/materterra.fr\/?page_id=20#breadcrumb"},"inLanguage":"fr-FR","potentialAction":[{"@type":"ReadAction","target":["https:\/\/materterra.fr\/?page_id=20"]}]},{"@type":"ImageObject","inLanguage":"fr-FR","@id":"https:\/\/materterra.fr\/?page_id=20#primaryimage","url":"https:\/\/materterra.fr\/wp-content\/uploads\/2021\/08\/cropped-LOGO-Association-MATERRA-couleur.png","contentUrl":"https:\/\/materterra.fr\/wp-content\/uploads\/2021\/08\/cropped-LOGO-Association-MATERRA-couleur.png","width":1400,"height":315,"caption":"Logo association MATERRA - Mater Terra"},{"@type":"BreadcrumbList","@id":"https:\/\/materterra.fr\/?page_id=20#breadcrumb","itemListElement":[{"@type":"ListItem","position":1,"name":"Accueil","item":"https:\/\/materterra.fr\/"},{"@type":"ListItem","position":2,"name":"\u00c0 propos de notre association"}]},{"@type":"WebSite","@id":"https:\/\/materterra.fr\/#website","url":"https:\/\/materterra.fr\/","name":"Bienvenue sur le site de l&#039;association","description":"MATERRA ASSOCIATION LOI 1901","publisher":{"@id":"https:\/\/materterra.fr\/#organization"},"potentialAction":[{"@type":"SearchAction","target":{"@type":"EntryPoint","urlTemplate":"https:\/\/materterra.fr\/?s={search_term_string}"},"query-input":{"@type":"PropertyValueSpecification","valueRequired":true,"valueName":"search_term_string"}}],"inLanguage":"fr-FR"},{"@type":"Organization","@id":"https:\/\/materterra.fr\/#organization","name":"MATERRA ASSOCIATION","url":"https:\/\/materterra.fr\/","logo":{"@type":"ImageObject","inLanguage":"fr-FR","@id":"https:\/\/materterra.fr\/#\/schema\/logo\/image\/","url":"https:\/\/materterra.fr\/wp-content\/uploads\/2021\/08\/cropped-LOGO-Association-MATERRA-couleur.png","contentUrl":"https:\/\/materterra.fr\/wp-content\/uploads\/2021\/08\/cropped-LOGO-Association-MATERRA-couleur.png","width":1400,"height":315,"caption":"MATERRA ASSOCIATION"},"image":{"@id":"https:\/\/materterra.fr\/#\/schema\/logo\/image\/"}}]}},"_links":{"self":[{"href":"https:\/\/materterra.fr\/index.php?rest_route=\/wp\/v2\/pages\/20","targetHints":{"allow":["GET"]}}],"collection":[{"href":"https:\/\/materterra.fr\/index.php?rest_route=\/wp\/v2\/pages"}],"about":[{"href":"https:\/\/materterra.fr\/index.php?rest_route=\/wp\/v2\/types\/page"}],"author":[{"embeddable":true,"href":"https:\/\/materterra.fr\/index.php?rest_route=\/wp\/v2\/users\/1"}],"replies":[{"embeddable":true,"href":"https:\/\/materterra.fr\/index.php?rest_route=%2Fwp%2Fv2%2Fcomments&post=20"}],"version-history":[{"count":13,"href":"https:\/\/materterra.fr\/index.php?rest_route=\/wp\/v2\/pages\/20\/revisions"}],"predecessor-version":[{"id":449,"href":"https:\/\/materterra.fr\/index.php?rest_route=\/wp\/v2\/pages\/20\/revisions\/449"}],"wp:attachment":[{"href":"https:\/\/materterra.fr\/index.php?rest_route=%2Fwp%2Fv2%2Fmedia&parent=20"}],"curies":[{"name":"wp","href":"https:\/\/api.w.org\/{rel}","templated":true}]}}