{"id":19,"date":"2021-08-23T12:05:12","date_gmt":"2021-08-23T10:05:12","guid":{"rendered":"http:\/\/materterra.fr\/?page_id=19"},"modified":"2023-12-16T16:59:04","modified_gmt":"2023-12-16T15:59:04","slug":"page-daccueil-du-site-materra","status":"publish","type":"page","link":"https:\/\/materterra.fr\/","title":{"rendered":"Bienvenue sur le site de l&rsquo;association"},"content":{"rendered":"\n<p class=\"has-text-align-center has-text-color has-extra-large-font-size\" style=\"color:#0071a1\"><strong><span class=\"has-inline-color has-vivid-cyan-blue-color\">MATERRA &#8211; Mater Terra<\/span><\/strong><\/p>\n\n\n\n<div class=\"wp-block-group alignwide\"><div class=\"wp-block-group__inner-container is-layout-flow wp-block-group-is-layout-flow\">\n<h2 class=\"wp-block-heading alignfull has-text-align-center has-white-background-color has-text-color has-background has-large-font-size\" id=\"nous-privilegions-le-plaisir-de-creer-les-discussions-entre-passionnes-et-les-sorties-en-nature-la-planete-evolue-l-informatique-est-bien-present-ce-site-web-est-le-reflet-d-une-toute-petite-activite-mais-nous-esperons-qu-il-vous-donnera-l-envie-de-parcourir-avec-nous-un-bout-de-chemin\" style=\"color:#0071a1;line-height:2\">Nous privil\u00e9gions le plaisir de cr\u00e9er, les discussions entre passionn\u00e9s et les sorties en nature. La plan\u00e8te \u00e9volue, l&rsquo;informatique est bien pr\u00e9sent. Ce site web est le reflet d&rsquo;une toute petite activit\u00e9 mais nous esp\u00e9rons qu&rsquo;il vous donnera l&rsquo;envie de parcourir avec nous un bout de chemin.<\/h2>\n<\/div><\/div>\n\n\n\n<div class=\"wp-block-columns alignwide is-layout-flex wp-container-core-columns-is-layout-9d6595d7 wp-block-columns-is-layout-flex\">\n<div class=\"wp-block-column is-layout-flow wp-block-column-is-layout-flow\">\n<div class=\"wp-block-group\"><div class=\"wp-block-group__inner-container is-layout-flow wp-block-group-is-layout-flow\"><div class=\"wp-block-image\">\n<figure class=\"aligncenter size-full\"><a href=\"https:\/\/materterra.fr\/?page_id=99\"><img decoding=\"async\" width=\"730\" height=\"600\" data-src=\"https:\/\/materterra.fr\/wp-content\/uploads\/2022\/03\/Logo-NB-Bois.png\" alt=\"logo Materra association moyen\" class=\"wp-image-354 lazyload\" data-srcset=\"https:\/\/materterra.fr\/wp-content\/uploads\/2022\/03\/Logo-NB-Bois.png 730w, https:\/\/materterra.fr\/wp-content\/uploads\/2022\/03\/Logo-NB-Bois-300x247.png 300w\" data-sizes=\"(max-width: 730px) 100vw, 730px\" src=\"data:image\/svg+xml;base64,PHN2ZyB3aWR0aD0iMSIgaGVpZ2h0PSIxIiB4bWxucz0iaHR0cDovL3d3dy53My5vcmcvMjAwMC9zdmciPjwvc3ZnPg==\" style=\"--smush-placeholder-width: 730px; --smush-placeholder-aspect-ratio: 730\/600;\" \/><\/a><\/figure><\/div>\n\n\n<h3 class=\"wp-block-heading\" id=\"materra-mater-terra\">MATERRA &#8211; Mater Terra<\/h3>\n\n\n\n<p>La g\u00e9n\u00e8se<\/p>\n\n\n\n<div class=\"wp-block-button is-style-outline is-style-outline--1\"><a class=\"wp-block-button__link wp-element-button\" href=\"http:\/\/materterra.fr\/?page_id=99\">Lire la suite<\/a><\/div>\n<\/div><\/div>\n\n\n\n<div class=\"wp-block-group\"><div class=\"wp-block-group__inner-container is-layout-flow wp-block-group-is-layout-flow\"><div class=\"wp-block-image\">\n<figure class=\"aligncenter size-full\"><a href=\"https:\/\/materterra.fr\/?page_id=85\"><img decoding=\"async\" width=\"450\" height=\"600\" data-src=\"https:\/\/materterra.fr\/wp-content\/uploads\/2021\/09\/Luminaire-flotte-2020r.jpg\" alt=\"Luminaire bois flott\u00e9 MATERRA - Mater Terra\" class=\"wp-image-152 lazyload\" data-srcset=\"https:\/\/materterra.fr\/wp-content\/uploads\/2021\/09\/Luminaire-flotte-2020r.jpg 450w, https:\/\/materterra.fr\/wp-content\/uploads\/2021\/09\/Luminaire-flotte-2020r-225x300.jpg 225w, https:\/\/materterra.fr\/wp-content\/uploads\/2021\/09\/Luminaire-flotte-2020r-45x60.jpg 45w\" data-sizes=\"(max-width: 450px) 100vw, 450px\" src=\"data:image\/svg+xml;base64,PHN2ZyB3aWR0aD0iMSIgaGVpZ2h0PSIxIiB4bWxucz0iaHR0cDovL3d3dy53My5vcmcvMjAwMC9zdmciPjwvc3ZnPg==\" style=\"--smush-placeholder-width: 450px; --smush-placeholder-aspect-ratio: 450\/600;\" \/><\/a><\/figure><\/div>\n\n\n<h3 class=\"wp-block-heading has-text-align-center\" id=\"creations\">Cr\u00e9ations<\/h3>\n\n\n\n<p>D\u00e9couvrez les 2 gammes propos\u00e9es (naturelle et mixte) pour le plaisir de tous<\/p>\n\n\n\n<div class=\"wp-block-buttons is-horizontal is-content-justification-center is-layout-flex wp-container-core-buttons-is-layout-499968f5 wp-block-buttons-is-layout-flex\">\n<div class=\"wp-block-button is-style-outline is-style-outline--2\"><a class=\"wp-block-button__link wp-element-button\" href=\"https:\/\/materterra.fr\/?page_id=85\">Lien vers la page<\/a><\/div>\n<\/div>\n<\/div><\/div>\n<\/div>\n\n\n\n<div class=\"wp-block-column is-layout-flow wp-block-column-is-layout-flow\">\n<div class=\"wp-block-group\"><div class=\"wp-block-group__inner-container is-layout-flow wp-block-group-is-layout-flow\"><div class=\"wp-block-image\">\n<figure class=\"aligncenter size-full\"><a href=\"https:\/\/materterra.fr\/?page_id=104\"><img decoding=\"async\" width=\"730\" height=\"600\" data-src=\"http:\/\/materterra.fr\/wp-content\/uploads\/2021\/08\/Plager.jpg\" alt=\"\" class=\"wp-image-92 lazyload\" data-srcset=\"https:\/\/materterra.fr\/wp-content\/uploads\/2021\/08\/Plager.jpg 730w, https:\/\/materterra.fr\/wp-content\/uploads\/2021\/08\/Plager-300x247.jpg 300w, https:\/\/materterra.fr\/wp-content\/uploads\/2021\/08\/Plager-73x60.jpg 73w\" data-sizes=\"(max-width: 730px) 100vw, 730px\" src=\"data:image\/svg+xml;base64,PHN2ZyB3aWR0aD0iMSIgaGVpZ2h0PSIxIiB4bWxucz0iaHR0cDovL3d3dy53My5vcmcvMjAwMC9zdmciPjwvc3ZnPg==\" style=\"--smush-placeholder-width: 730px; --smush-placeholder-aspect-ratio: 730\/600;\" \/><\/a><\/figure><\/div>\n\n\n<h3 class=\"wp-block-heading\" id=\"les-elements-travailles\">Les \u00e9l\u00e9ments travaill\u00e9s<\/h3>\n\n\n\n<p>Des premiers \u00e9l\u00e9ments travaill\u00e9s au fil des demandes &#8230;<\/p>\n\n\n\n<div class=\"wp-block-button is-style-outline is-style-outline--3\"><a class=\"wp-block-button__link wp-element-button\" href=\"http:\/\/materterra.fr\/?page_id=104\">Lire la suite<\/a><\/div>\n<\/div><\/div>\n\n\n\n<div class=\"wp-block-group\"><div class=\"wp-block-group__inner-container is-layout-flow wp-block-group-is-layout-flow\"><div class=\"wp-block-image\">\n<figure class=\"aligncenter size-full\"><a href=\"https:\/\/materterra.fr\/?page_id=142\"><img decoding=\"async\" width=\"450\" height=\"600\" data-src=\"https:\/\/materterra.fr\/wp-content\/uploads\/2021\/09\/Brasero-2021r.jpg\" alt=\"Brasero bois flott\u00e9 MATERRA - Mater Terra\" class=\"wp-image-187 lazyload\" data-srcset=\"https:\/\/materterra.fr\/wp-content\/uploads\/2021\/09\/Brasero-2021r.jpg 450w, https:\/\/materterra.fr\/wp-content\/uploads\/2021\/09\/Brasero-2021r-225x300.jpg 225w, https:\/\/materterra.fr\/wp-content\/uploads\/2021\/09\/Brasero-2021r-45x60.jpg 45w\" data-sizes=\"(max-width: 450px) 100vw, 450px\" src=\"data:image\/svg+xml;base64,PHN2ZyB3aWR0aD0iMSIgaGVpZ2h0PSIxIiB4bWxucz0iaHR0cDovL3d3dy53My5vcmcvMjAwMC9zdmciPjwvc3ZnPg==\" style=\"--smush-placeholder-width: 450px; --smush-placeholder-aspect-ratio: 450\/600;\" \/><\/a><\/figure><\/div>\n\n\n<h3 class=\"wp-block-heading has-text-align-center\" id=\"concept\">Concept<\/h3>\n\n\n\n<p>En plus des id\u00e9es spontan\u00e9es, l&rsquo;association MATERRA &#8211; Mater Terra propose une base de cr\u00e9ations en s\u00e9rie &#8230;<\/p>\n\n\n\n<div class=\"wp-block-buttons is-horizontal is-content-justification-center is-layout-flex wp-container-core-buttons-is-layout-499968f5 wp-block-buttons-is-layout-flex\">\n<div class=\"wp-block-button is-style-outline is-style-outline--4\"><a class=\"wp-block-button__link wp-element-button\" href=\"https:\/\/materterra.fr\/?page_id=142\">Lien vers la page<\/a><\/div>\n<\/div>\n<\/div><\/div>\n<\/div>\n<\/div>\n\n\n\n<h2 class=\"wp-block-heading has-text-align-left\" id=\"le-souhait-de-l-association-materra-mater-terra\">Le souhait de l&rsquo;association MATERRA &#8211; Mater Terra<\/h2>\n\n\n\n<p>Notre souhait est de donner une seconde vie et usage \u00e0 des \u00e9l\u00e9ments naturels. La cr\u00e9ation d\u2019objets est privil\u00e9gi\u00e9e \u00e0 partir de mat\u00e9riaux et \u00e9l\u00e9ments issus de la nature sans pour autant amputer un \u00e9l\u00e9ment \u00ab&nbsp;vivant&nbsp;\u00bb \u00e0 la nature m\u00eame.<\/p>\n\n\n\n<p>Nous privil\u00e9gions&nbsp;<strong>les morceaux de bois<\/strong>&nbsp;acquis suite \u00e0 un ph\u00e9nom\u00e8ne naturel (bois arrach\u00e9s par une temp\u00eate, bois brul\u00e9 par un incendie, bois d\u00e9racin\u00e9s par une chute de terrain, bois rapport\u00e9s par la mer dits \u00ab&nbsp;bois flott\u00e9s&nbsp;\u00bb \u2026) ; et&nbsp;<strong>les \u00e9l\u00e9ments naturellement recycl\u00e9s par la nature<\/strong>&nbsp;comme le li\u00e8ge et v\u00e9g\u00e9taux repoussant apr\u00e8s une taille r\u00e9alis\u00e9e par l\u2019Homme ; et \u00e9galement <strong>les \u00e9l\u00e9ments min\u00e9raux&nbsp;<\/strong>(pierre, galets).<\/p>\n\n\n\n<p>L&rsquo;association MATERRA &#8211; Mater Terra est une autre mani\u00e8re de se positionner sur la fabrication d&rsquo;objets du quotidien ou de d\u00e9coration parfois artistique. Nous souhaitons proposer une alternative pour prot\u00e9ger les ressources de notre terre.<\/p>\n\n\n\n<figure class=\"wp-block-embed is-type-wp-embed is-provider-pinterest wp-block-embed-pinterest\"><div class=\"wp-block-embed__wrapper\">\n<iframe class=\"wp-embedded-content lazyload\" sandbox=\"allow-scripts\" security=\"restricted\" title=\"MATERRA association\" data-src=\"https:\/\/assets.pinterest.com\/ext\/embed.html?grid=Materra_association\/materra-association\/&#038;src=oembed#?secret=g8AFr5EJZO\" data-secret=\"g8AFr5EJZO\" height=\"900\" width=\"450\" frameborder=\"0\" scrolling=\"no\" src=\"data:image\/svg+xml;base64,PHN2ZyB3aWR0aD0iMSIgaGVpZ2h0PSIxIiB4bWxucz0iaHR0cDovL3d3dy53My5vcmcvMjAwMC9zdmciPjwvc3ZnPg==\" data-load-mode=\"1\"><\/iframe>\n<\/div><\/figure>\n\n\n\n<p><a href=\"https:\/\/www.pinterest.fr\/Materra_association\/materra-association\/\" target=\"_blank\" rel=\"noreferrer noopener\">https:\/\/www.pinterest.fr\/Materra_association\/materra-association\/<\/a><\/p>\n\n\n\n<div class=\"wp-block-columns alignwide is-layout-flex wp-container-core-columns-is-layout-9d6595d7 wp-block-columns-is-layout-flex\">\n<div class=\"wp-block-column is-layout-flow wp-block-column-is-layout-flow\">\n<h5 class=\"wp-block-heading\" id=\"utilisation-des-donnees-personnelles\">Utilisation des donn\u00e9es personnelles :<\/h5>\n\n\n\n<p class=\"has-extra-small-font-size\">L\u2019association Materra traite de mani\u00e8re informatis\u00e9e les donn\u00e9es \u00e0 caract\u00e8re personnel que vous lui transmettez par le biais du formulaire de contact afin de r\u00e9pondre \u00e0 vos demandes. La base juridique du traitement est l\u2019int\u00e9r\u00eat l\u00e9gitime (cf. article 6.1.f. du R\u00e8glement g\u00e9n\u00e9ral sur la protection des donn\u00e9es). Ces donn\u00e9es sont destin\u00e9es aux services internes de l\u2019association Materra et sont conserv\u00e9es uniquement pour la dur\u00e9e strictement n\u00e9cessaire \u00e0 la r\u00e9alisation de la finalit\u00e9 pr\u00e9cit\u00e9e. Conform\u00e9ment \u00e0 la loi \u00ab Informatique et Libert\u00e9s \u00bb modifi\u00e9e, vous disposez d\u2019un droit d\u2019acc\u00e8s, de rectification, d\u2019effacement et de portabilit\u00e9 de vos donn\u00e9es, du droit de limiter ou de vous opposer \u00e0 leur traitement. Vous pouvez \u00e9galement introduire une r\u00e9clamation aupr\u00e8s de la CNIL. Ces droits peuvent \u00eatre exerc\u00e9s, par courrier \u00e9lectronique \u00e0 l\u2019adresse&nbsp;<a href=\"mailto:materra.association@gmail.com\">materra.association@gmail.com<\/a><\/p>\n<\/div>\n\n\n\n<div class=\"wp-block-column is-layout-flow wp-block-column-is-layout-flow\">\n<h5 class=\"wp-block-heading\" id=\"mentions-legales\"><strong>Mentions l\u00e9gales<\/strong>&nbsp;:<\/h5>\n\n\n\n<p class=\"has-extra-small-font-size\">Conception, r\u00e9alisation graphique et r\u00e9alisation technique : Conseil d\u2019administration de l\u2019association Materra Droits d&rsquo;auteur &#8211; Droit de reproduction : L&rsquo;ensemble de ce site rel\u00e8ve de la l\u00e9gislation fran\u00e7aise, communautaire et internationale relative au droit de propri\u00e9t\u00e9 intellectuelle. Tous les droits de reproduction sont r\u00e9serv\u00e9s, y compris les repr\u00e9sentations iconographiques et photographiques. La reproduction de tout ou partie de ce site sur un support quel qu&rsquo;il soit, est formellement interdite sauf autorisation expresse du responsable du site. Contenu du site : L\u2019association Materra se r\u00e9serve le droit de corriger, \u00e0 tout moment et sans pr\u00e9avis, le contenu de ce site.<\/p>\n<\/div>\n<\/div>\n","protected":false},"excerpt":{"rendered":"<p>MATERRA &#8211; Mater Terra Nous privil\u00e9gions le plaisir de cr\u00e9er, les discussions entre passionn\u00e9s et les sorties en nature. La plan\u00e8te \u00e9volue, l&rsquo;informatique est bien pr\u00e9sent. Ce site web est le reflet d&rsquo;une toute petite activit\u00e9 mais nous esp\u00e9rons qu&rsquo;il vous donnera l&rsquo;envie de parcourir avec nous un bout de chemin. MATERRA &#8211; Mater Terra&hellip; <a class=\"more-link\" href=\"https:\/\/materterra.fr\/\">Poursuivre la lecture <span class=\"screen-reader-text\">Bienvenue sur le site de l&rsquo;association<\/span><\/a><\/p>\n","protected":false},"author":1,"featured_media":46,"parent":0,"menu_order":0,"comment_status":"closed","ping_status":"closed","template":"","meta":{"footnotes":""},"class_list":["post-19","page","type-page","status-publish","has-post-thumbnail","hentry","entry"],"yoast_head":"<!-- This site is optimized with the Yoast SEO plugin v25.8 - https:\/\/yoast.com\/wordpress\/plugins\/seo\/ -->\n<title>MATERRA - Mater Terra &#8226; Page d&#039;accueil du site de l&#039;association %<\/title>\n<meta name=\"description\" content=\"Site de l&#039;association MATERRA - Mater Terra. Le souhait de notre association est de donner une seconde vie et usage \u00e0 des \u00e9l\u00e9ments naturels\" \/>\n<meta name=\"robots\" content=\"index, follow, max-snippet:-1, max-image-preview:large, max-video-preview:-1\" \/>\n<link rel=\"canonical\" href=\"https:\/\/materterra.fr\/\" \/>\n<meta property=\"og:locale\" content=\"fr_FR\" \/>\n<meta property=\"og:type\" content=\"article\" \/>\n<meta property=\"og:title\" content=\"Association MATERRA - Mater Terra\" \/>\n<meta property=\"og:description\" content=\"Site de l&#039;association MATERRA - Mater Terra. Le souhait de notre association est de donner une seconde vie et usage \u00e0 des \u00e9l\u00e9ments naturels\" \/>\n<meta property=\"og:url\" content=\"https:\/\/materterra.fr\/\" \/>\n<meta property=\"og:site_name\" content=\"Bienvenue sur le site de l&#039;association\" \/>\n<meta property=\"article:modified_time\" content=\"2023-12-16T15:59:04+00:00\" \/>\n<meta property=\"og:image\" content=\"https:\/\/materterra.fr\/wp-content\/uploads\/2021\/08\/cropped-LOGO-Association-MATERRA-couleur.png\" \/>\n\t<meta property=\"og:image:width\" content=\"1400\" \/>\n\t<meta property=\"og:image:height\" content=\"315\" \/>\n\t<meta property=\"og:image:type\" content=\"image\/png\" \/>\n<meta name=\"twitter:card\" content=\"summary_large_image\" \/>\n<meta name=\"twitter:title\" content=\"Association MATERRA - Mater Terra\" \/>\n<meta name=\"twitter:description\" content=\"Site de l&#039;association MATERRA - Mater Terra. Le souhait de notre association est de donner une seconde vie et usage \u00e0 des \u00e9l\u00e9ments naturels\" \/>\n<meta name=\"twitter:image\" content=\"https:\/\/materterra.fr\/wp-content\/uploads\/2021\/08\/cropped-LOGO-Association-MATERRA-couleur.png\" \/>\n<meta name=\"twitter:label1\" content=\"Dur\u00e9e de lecture estim\u00e9e\" \/>\n\t<meta name=\"twitter:data1\" content=\"4 minutes\" \/>\n<script type=\"application\/ld+json\" class=\"yoast-schema-graph\">{\"@context\":\"https:\/\/schema.org\",\"@graph\":[{\"@type\":\"WebPage\",\"@id\":\"https:\/\/materterra.fr\/\",\"url\":\"https:\/\/materterra.fr\/\",\"name\":\"MATERRA - Mater Terra &#8226; Page d'accueil du site de l'association %\",\"isPartOf\":{\"@id\":\"https:\/\/materterra.fr\/#website\"},\"primaryImageOfPage\":{\"@id\":\"https:\/\/materterra.fr\/#primaryimage\"},\"image\":{\"@id\":\"https:\/\/materterra.fr\/#primaryimage\"},\"thumbnailUrl\":\"https:\/\/materterra.fr\/wp-content\/uploads\/2021\/08\/cropped-LOGO-Association-MATERRA-couleur.png\",\"datePublished\":\"2021-08-23T10:05:12+00:00\",\"dateModified\":\"2023-12-16T15:59:04+00:00\",\"description\":\"Site de l'association MATERRA - Mater Terra. Le souhait de notre association est de donner une seconde vie et usage \u00e0 des \u00e9l\u00e9ments naturels\",\"breadcrumb\":{\"@id\":\"https:\/\/materterra.fr\/#breadcrumb\"},\"inLanguage\":\"fr-FR\",\"potentialAction\":[{\"@type\":\"ReadAction\",\"target\":[\"https:\/\/materterra.fr\/\"]}]},{\"@type\":\"ImageObject\",\"inLanguage\":\"fr-FR\",\"@id\":\"https:\/\/materterra.fr\/#primaryimage\",\"url\":\"https:\/\/materterra.fr\/wp-content\/uploads\/2021\/08\/cropped-LOGO-Association-MATERRA-couleur.png\",\"contentUrl\":\"https:\/\/materterra.fr\/wp-content\/uploads\/2021\/08\/cropped-LOGO-Association-MATERRA-couleur.png\",\"width\":1400,\"height\":315,\"caption\":\"Logo association MATERRA - Mater Terra\"},{\"@type\":\"BreadcrumbList\",\"@id\":\"https:\/\/materterra.fr\/#breadcrumb\",\"itemListElement\":[{\"@type\":\"ListItem\",\"position\":1,\"name\":\"Accueil\",\"item\":\"https:\/\/materterra.fr\/\"},{\"@type\":\"ListItem\",\"position\":2,\"name\":\"Bienvenue sur le site de l&rsquo;association\"}]},{\"@type\":\"WebSite\",\"@id\":\"https:\/\/materterra.fr\/#website\",\"url\":\"https:\/\/materterra.fr\/\",\"name\":\"Bienvenue sur le site de l&#039;association\",\"description\":\"MATERRA ASSOCIATION LOI 1901\",\"publisher\":{\"@id\":\"https:\/\/materterra.fr\/#organization\"},\"potentialAction\":[{\"@type\":\"SearchAction\",\"target\":{\"@type\":\"EntryPoint\",\"urlTemplate\":\"https:\/\/materterra.fr\/?s={search_term_string}\"},\"query-input\":{\"@type\":\"PropertyValueSpecification\",\"valueRequired\":true,\"valueName\":\"search_term_string\"}}],\"inLanguage\":\"fr-FR\"},{\"@type\":\"Organization\",\"@id\":\"https:\/\/materterra.fr\/#organization\",\"name\":\"MATERRA ASSOCIATION\",\"url\":\"https:\/\/materterra.fr\/\",\"logo\":{\"@type\":\"ImageObject\",\"inLanguage\":\"fr-FR\",\"@id\":\"https:\/\/materterra.fr\/#\/schema\/logo\/image\/\",\"url\":\"https:\/\/materterra.fr\/wp-content\/uploads\/2021\/08\/cropped-LOGO-Association-MATERRA-couleur.png\",\"contentUrl\":\"https:\/\/materterra.fr\/wp-content\/uploads\/2021\/08\/cropped-LOGO-Association-MATERRA-couleur.png\",\"width\":1400,\"height\":315,\"caption\":\"MATERRA ASSOCIATION\"},\"image\":{\"@id\":\"https:\/\/materterra.fr\/#\/schema\/logo\/image\/\"}}]}<\/script>\n<!-- \/ Yoast SEO plugin. -->","yoast_head_json":{"title":"MATERRA - Mater Terra &#8226; Page d'accueil du site de l'association %","description":"Site de l'association MATERRA - Mater Terra. Le souhait de notre association est de donner une seconde vie et usage \u00e0 des \u00e9l\u00e9ments naturels","robots":{"index":"index","follow":"follow","max-snippet":"max-snippet:-1","max-image-preview":"max-image-preview:large","max-video-preview":"max-video-preview:-1"},"canonical":"https:\/\/materterra.fr\/","og_locale":"fr_FR","og_type":"article","og_title":"Association MATERRA - Mater Terra","og_description":"Site de l'association MATERRA - Mater Terra. Le souhait de notre association est de donner une seconde vie et usage \u00e0 des \u00e9l\u00e9ments naturels","og_url":"https:\/\/materterra.fr\/","og_site_name":"Bienvenue sur le site de l&#039;association","article_modified_time":"2023-12-16T15:59:04+00:00","og_image":[{"width":1400,"height":315,"url":"https:\/\/materterra.fr\/wp-content\/uploads\/2021\/08\/cropped-LOGO-Association-MATERRA-couleur.png","type":"image\/png"}],"twitter_card":"summary_large_image","twitter_title":"Association MATERRA - Mater Terra","twitter_description":"Site de l'association MATERRA - Mater Terra. Le souhait de notre association est de donner une seconde vie et usage \u00e0 des \u00e9l\u00e9ments naturels","twitter_image":"https:\/\/materterra.fr\/wp-content\/uploads\/2021\/08\/cropped-LOGO-Association-MATERRA-couleur.png","twitter_misc":{"Dur\u00e9e de lecture estim\u00e9e":"4 minutes"},"schema":{"@context":"https:\/\/schema.org","@graph":[{"@type":"WebPage","@id":"https:\/\/materterra.fr\/","url":"https:\/\/materterra.fr\/","name":"MATERRA - Mater Terra &#8226; Page d'accueil du site de l'association %","isPartOf":{"@id":"https:\/\/materterra.fr\/#website"},"primaryImageOfPage":{"@id":"https:\/\/materterra.fr\/#primaryimage"},"image":{"@id":"https:\/\/materterra.fr\/#primaryimage"},"thumbnailUrl":"https:\/\/materterra.fr\/wp-content\/uploads\/2021\/08\/cropped-LOGO-Association-MATERRA-couleur.png","datePublished":"2021-08-23T10:05:12+00:00","dateModified":"2023-12-16T15:59:04+00:00","description":"Site de l'association MATERRA - Mater Terra. Le souhait de notre association est de donner une seconde vie et usage \u00e0 des \u00e9l\u00e9ments naturels","breadcrumb":{"@id":"https:\/\/materterra.fr\/#breadcrumb"},"inLanguage":"fr-FR","potentialAction":[{"@type":"ReadAction","target":["https:\/\/materterra.fr\/"]}]},{"@type":"ImageObject","inLanguage":"fr-FR","@id":"https:\/\/materterra.fr\/#primaryimage","url":"https:\/\/materterra.fr\/wp-content\/uploads\/2021\/08\/cropped-LOGO-Association-MATERRA-couleur.png","contentUrl":"https:\/\/materterra.fr\/wp-content\/uploads\/2021\/08\/cropped-LOGO-Association-MATERRA-couleur.png","width":1400,"height":315,"caption":"Logo association MATERRA - Mater Terra"},{"@type":"BreadcrumbList","@id":"https:\/\/materterra.fr\/#breadcrumb","itemListElement":[{"@type":"ListItem","position":1,"name":"Accueil","item":"https:\/\/materterra.fr\/"},{"@type":"ListItem","position":2,"name":"Bienvenue sur le site de l&rsquo;association"}]},{"@type":"WebSite","@id":"https:\/\/materterra.fr\/#website","url":"https:\/\/materterra.fr\/","name":"Bienvenue sur le site de l&#039;association","description":"MATERRA ASSOCIATION LOI 1901","publisher":{"@id":"https:\/\/materterra.fr\/#organization"},"potentialAction":[{"@type":"SearchAction","target":{"@type":"EntryPoint","urlTemplate":"https:\/\/materterra.fr\/?s={search_term_string}"},"query-input":{"@type":"PropertyValueSpecification","valueRequired":true,"valueName":"search_term_string"}}],"inLanguage":"fr-FR"},{"@type":"Organization","@id":"https:\/\/materterra.fr\/#organization","name":"MATERRA ASSOCIATION","url":"https:\/\/materterra.fr\/","logo":{"@type":"ImageObject","inLanguage":"fr-FR","@id":"https:\/\/materterra.fr\/#\/schema\/logo\/image\/","url":"https:\/\/materterra.fr\/wp-content\/uploads\/2021\/08\/cropped-LOGO-Association-MATERRA-couleur.png","contentUrl":"https:\/\/materterra.fr\/wp-content\/uploads\/2021\/08\/cropped-LOGO-Association-MATERRA-couleur.png","width":1400,"height":315,"caption":"MATERRA ASSOCIATION"},"image":{"@id":"https:\/\/materterra.fr\/#\/schema\/logo\/image\/"}}]}},"_links":{"self":[{"href":"https:\/\/materterra.fr\/index.php?rest_route=\/wp\/v2\/pages\/19","targetHints":{"allow":["GET"]}}],"collection":[{"href":"https:\/\/materterra.fr\/index.php?rest_route=\/wp\/v2\/pages"}],"about":[{"href":"https:\/\/materterra.fr\/index.php?rest_route=\/wp\/v2\/types\/page"}],"author":[{"embeddable":true,"href":"https:\/\/materterra.fr\/index.php?rest_route=\/wp\/v2\/users\/1"}],"replies":[{"embeddable":true,"href":"https:\/\/materterra.fr\/index.php?rest_route=%2Fwp%2Fv2%2Fcomments&post=19"}],"version-history":[{"count":43,"href":"https:\/\/materterra.fr\/index.php?rest_route=\/wp\/v2\/pages\/19\/revisions"}],"predecessor-version":[{"id":468,"href":"https:\/\/materterra.fr\/index.php?rest_route=\/wp\/v2\/pages\/19\/revisions\/468"}],"wp:featuredmedia":[{"embeddable":true,"href":"https:\/\/materterra.fr\/index.php?rest_route=\/wp\/v2\/media\/46"}],"wp:attachment":[{"href":"https:\/\/materterra.fr\/index.php?rest_route=%2Fwp%2Fv2%2Fmedia&parent=19"}],"curies":[{"name":"wp","href":"https:\/\/api.w.org\/{rel}","templated":true}]}}