{"id":142,"date":"2021-08-31T22:42:18","date_gmt":"2021-08-31T20:42:18","guid":{"rendered":"http:\/\/materterra.fr\/?page_id=142"},"modified":"2023-01-07T15:39:26","modified_gmt":"2023-01-07T14:39:26","slug":"concept","status":"publish","type":"page","link":"https:\/\/materterra.fr\/?page_id=142","title":{"rendered":"Concept"},"content":{"rendered":"\n<p> <\/p>\n\n\n\n<h2 class=\"alignwide wp-block-heading\" id=\"nous-proposons-une-base-de-creations-en-serie-toutefois-la-realisation-est-toujours-a-la-demande-le-rendu-lui-reste-unique\">Nous proposons une base de cr\u00e9ations en s\u00e9rie &#8230; Toutefois la r\u00e9alisation est toujours \u00e0 la demande.<\/h2>\n\n\n\n<h2 class=\"alignwide wp-block-heading\" id=\"nous-proposons-une-base-de-creations-en-serie-toutefois-la-realisation-est-toujours-a-la-demande-le-rendu-lui-reste-unique\">Le rendu, lui reste unique.<\/h2>\n\n\n\n<hr class=\"wp-block-separator has-text-color has-css-opacity has-background\" style=\"background-color:#1e3dc7;color:#1e3dc7\"\/>\n\n\n\n<h3 class=\"alignwide wp-block-heading\" id=\"vegan-serie\">Vegan s\u00e9rie<\/h3>\n\n\n\n<h4 class=\"alignwide wp-block-heading\" id=\"vegan-serie\">Actuellement nous proposons 3 mod\u00e8les int\u00e9gralement issus de la r\u00e9cup\u00e9ration de branches au sol et de cire d&rsquo;abeille (ruches en warr\u00e9 pour les apiculteurs amateurs et plus proche du mode de vie de l&rsquo;abeille).<\/h4>\n\n\n\n<h4 class=\"alignwide wp-block-heading\" id=\"vegan-serie\">Uniquement de la d\u00e9coupe de bois pour ajuster la longueur de l&rsquo;objet, du traitement au vinaigre blanc et du polissage.<\/h4>\n\n\n\n<h4 class=\"alignwide wp-block-heading\" id=\"vegan-serie\">Aucun \u00ab\u00a0stock\u00a0\u00bb est pr\u00e9vu, nous faisons \u00e0 la demande et aux envies (forme, taille, coloris).<\/h4>\n\n\n\n<div class=\"wp-block-columns is-layout-flex wp-container-core-columns-is-layout-9d6595d7 wp-block-columns-is-layout-flex\">\n<div class=\"wp-block-column is-layout-flow wp-block-column-is-layout-flow\" style=\"flex-basis:100%\">\n<div class=\"wp-block-columns is-layout-flex wp-container-core-columns-is-layout-9d6595d7 wp-block-columns-is-layout-flex\">\n<div class=\"wp-block-column is-layout-flow wp-block-column-is-layout-flow\">\n<figure class=\"wp-block-image size-full\"><a href=\"https:\/\/materterra.fr\/?page_id=337\"><img decoding=\"async\" width=\"450\" height=\"600\" data-src=\"https:\/\/materterra.fr\/wp-content\/uploads\/2022\/03\/VEGAN-bougie1r.png\" alt=\"Bougie association MATERRA - Mater Terra\" class=\"wp-image-324 lazyload\" data-srcset=\"https:\/\/materterra.fr\/wp-content\/uploads\/2022\/03\/VEGAN-bougie1r.png 450w, https:\/\/materterra.fr\/wp-content\/uploads\/2022\/03\/VEGAN-bougie1r-225x300.png 225w\" data-sizes=\"(max-width: 450px) 100vw, 450px\" src=\"data:image\/svg+xml;base64,PHN2ZyB3aWR0aD0iMSIgaGVpZ2h0PSIxIiB4bWxucz0iaHR0cDovL3d3dy53My5vcmcvMjAwMC9zdmciPjwvc3ZnPg==\" style=\"--smush-placeholder-width: 450px; --smush-placeholder-aspect-ratio: 450\/600;\" \/><\/a><\/figure>\n<\/div>\n\n\n\n<div class=\"wp-block-column is-layout-flow wp-block-column-is-layout-flow\">\n<figure class=\"wp-block-image size-full\"><a href=\"https:\/\/materterra.fr\/?page_id=368\"><img decoding=\"async\" width=\"450\" height=\"600\" data-src=\"https:\/\/materterra.fr\/wp-content\/uploads\/2022\/03\/Liege4r.png\" alt=\"Vasse en li\u00e8ge association MATERRA - Mater Terra\" class=\"wp-image-323 lazyload\" data-srcset=\"https:\/\/materterra.fr\/wp-content\/uploads\/2022\/03\/Liege4r.png 450w, https:\/\/materterra.fr\/wp-content\/uploads\/2022\/03\/Liege4r-225x300.png 225w\" data-sizes=\"(max-width: 450px) 100vw, 450px\" src=\"data:image\/svg+xml;base64,PHN2ZyB3aWR0aD0iMSIgaGVpZ2h0PSIxIiB4bWxucz0iaHR0cDovL3d3dy53My5vcmcvMjAwMC9zdmciPjwvc3ZnPg==\" style=\"--smush-placeholder-width: 450px; --smush-placeholder-aspect-ratio: 450\/600;\" \/><\/a><\/figure>\n<\/div>\n\n\n\n<div class=\"wp-block-column is-layout-flow wp-block-column-is-layout-flow\">\n<figure class=\"wp-block-image size-full\"><a href=\"https:\/\/materterra.fr\/?page_id=333\"><img decoding=\"async\" width=\"450\" height=\"600\" data-src=\"https:\/\/materterra.fr\/wp-content\/uploads\/2022\/03\/Pot-a-fleurs1r.png\" alt=\"Pot \u00e0 fleurs association MATERRA - Mater Terra\" class=\"wp-image-325 lazyload\" data-srcset=\"https:\/\/materterra.fr\/wp-content\/uploads\/2022\/03\/Pot-a-fleurs1r.png 450w, https:\/\/materterra.fr\/wp-content\/uploads\/2022\/03\/Pot-a-fleurs1r-225x300.png 225w\" data-sizes=\"(max-width: 450px) 100vw, 450px\" src=\"data:image\/svg+xml;base64,PHN2ZyB3aWR0aD0iMSIgaGVpZ2h0PSIxIiB4bWxucz0iaHR0cDovL3d3dy53My5vcmcvMjAwMC9zdmciPjwvc3ZnPg==\" style=\"--smush-placeholder-width: 450px; --smush-placeholder-aspect-ratio: 450\/600;\" \/><\/a><\/figure>\n<\/div>\n<\/div>\n<\/div>\n<\/div>\n\n\n\n<div class=\"wp-block-columns is-layout-flex wp-container-core-columns-is-layout-9d6595d7 wp-block-columns-is-layout-flex\">\n<div class=\"wp-block-column is-layout-flow wp-block-column-is-layout-flow\">\n<div class=\"wp-block-buttons is-content-justification-center is-layout-flex wp-container-core-buttons-is-layout-16018d1d wp-block-buttons-is-layout-flex\">\n<div class=\"wp-block-button is-style-outline is-style-outline--1\"><a class=\"wp-block-button__link has-white-background-color has-background wp-element-button\" href=\"https:\/\/materterra.fr\/?page_id=337\">Voir la s\u00e9rie Bougie<\/a><\/div>\n<\/div>\n<\/div>\n\n\n\n<div class=\"wp-block-column is-layout-flow wp-block-column-is-layout-flow\">\n<div class=\"wp-block-buttons is-content-justification-center is-layout-flex wp-container-core-buttons-is-layout-16018d1d wp-block-buttons-is-layout-flex\">\n<div class=\"wp-block-button is-style-outline is-style-outline--2\"><a class=\"wp-block-button__link has-white-background-color has-background wp-element-button\" href=\"https:\/\/materterra.fr\/?page_id=368\">Voir la s\u00e9rie Vase li\u00e8ge<\/a><\/div>\n<\/div>\n<\/div>\n\n\n\n<div class=\"wp-block-column is-layout-flow wp-block-column-is-layout-flow\">\n<div class=\"wp-block-buttons is-content-justification-center is-layout-flex wp-container-core-buttons-is-layout-16018d1d wp-block-buttons-is-layout-flex\">\n<div class=\"wp-block-button is-style-outline is-style-outline--3\"><a class=\"wp-block-button__link has-white-background-color has-background wp-element-button\" href=\"https:\/\/materterra.fr\/?page_id=333\">Voir la s\u00e9rie Pot \u00e0 fleurs<\/a><\/div>\n<\/div>\n<\/div>\n<\/div>\n\n\n\n<hr class=\"wp-block-separator has-text-color has-green-color has-css-opacity has-green-background-color has-background is-style-twentytwentyone-separator-thick\"\/>\n\n\n\n<h3 class=\"alignwide wp-block-heading\">La taille des oliviers<\/h3>\n\n\n\n<h4 class=\"alignwide wp-block-heading\">Nous profitons de la p\u00e9riode de la taille des arbres principaux de la culture m\u00e9diterran\u00e9enne (l&rsquo;Olivier) pour compl\u00e9ter les ustensiles de cuisine. Selon le lieu et ses caract\u00e9ristiques m\u00e9t\u00e9orologiques, la taille des oliviers est r\u00e9alis\u00e9e entre mars &#8211; avril.<\/h4>\n\n\n\n<h4 class=\"alignwide wp-block-heading\">Le diam\u00e8tre des branches taill\u00e9es est id\u00e9al pour r\u00e9aliser des cuill\u00e8res. La longueur quand \u00e0 elle est beaucoup plus variable &#8230;<\/h4>\n\n\n\n<figure class=\"wp-block-image size-full is-style-rounded\"><img decoding=\"async\" width=\"600\" height=\"450\" data-src=\"https:\/\/materterra.fr\/wp-content\/uploads\/2022\/06\/Olivier-cueilliere-the1r.png\" alt=\"Olivier association MATERRA - Mater Terra\" class=\"wp-image-411 lazyload\" data-srcset=\"https:\/\/materterra.fr\/wp-content\/uploads\/2022\/06\/Olivier-cueilliere-the1r.png 600w, https:\/\/materterra.fr\/wp-content\/uploads\/2022\/06\/Olivier-cueilliere-the1r-300x225.png 300w\" data-sizes=\"(max-width: 600px) 100vw, 600px\" src=\"data:image\/svg+xml;base64,PHN2ZyB3aWR0aD0iMSIgaGVpZ2h0PSIxIiB4bWxucz0iaHR0cDovL3d3dy53My5vcmcvMjAwMC9zdmciPjwvc3ZnPg==\" style=\"--smush-placeholder-width: 600px; --smush-placeholder-aspect-ratio: 600\/450;\" \/><\/figure>\n\n\n\n<div class=\"wp-block-buttons is-layout-flex wp-block-buttons-is-layout-flex\">\n<div class=\"wp-block-button aligncenter is-style-outline is-style-outline--4\"><a class=\"wp-block-button__link has-black-color has-white-background-color has-text-color has-background wp-element-button\" href=\"https:\/\/materterra.fr\/?page_id=413\">Voir la s\u00e9rie Ustensile en olivier<\/a><\/div>\n<\/div>\n","protected":false},"excerpt":{"rendered":"<p>Nous proposons une base de cr\u00e9ations en s\u00e9rie &#8230; Toutefois la r\u00e9alisation est toujours \u00e0 la demande. Le rendu, lui reste unique. Vegan s\u00e9rie Actuellement nous proposons 3 mod\u00e8les int\u00e9gralement issus de la r\u00e9cup\u00e9ration de branches au sol et de cire d&rsquo;abeille (ruches en warr\u00e9 pour les apiculteurs amateurs et plus proche du mode de&hellip; <a class=\"more-link\" href=\"https:\/\/materterra.fr\/?page_id=142\">Poursuivre la lecture <span class=\"screen-reader-text\">Concept<\/span><\/a><\/p>\n","protected":false},"author":1,"featured_media":0,"parent":0,"menu_order":0,"comment_status":"closed","ping_status":"closed","template":"","meta":{"footnotes":""},"class_list":["post-142","page","type-page","status-publish","hentry","entry"],"yoast_head":"<!-- This site is optimized with the Yoast SEO plugin v25.8 - https:\/\/yoast.com\/wordpress\/plugins\/seo\/ -->\n<title>Concept &#8226; Bienvenue sur le site de l&#039;association<\/title>\n<meta name=\"robots\" content=\"index, follow, max-snippet:-1, max-image-preview:large, max-video-preview:-1\" \/>\n<link rel=\"canonical\" href=\"https:\/\/materterra.fr\/?page_id=142\" \/>\n<meta property=\"og:locale\" content=\"fr_FR\" \/>\n<meta property=\"og:type\" content=\"article\" \/>\n<meta property=\"og:title\" content=\"Concept &#8226; Bienvenue sur le site de l&#039;association\" \/>\n<meta property=\"og:description\" content=\"Nous proposons une base de cr\u00e9ations en s\u00e9rie &#8230; Toutefois la r\u00e9alisation est toujours \u00e0 la demande. Le rendu, lui reste unique. Vegan s\u00e9rie Actuellement nous proposons 3 mod\u00e8les int\u00e9gralement issus de la r\u00e9cup\u00e9ration de branches au sol et de cire d&rsquo;abeille (ruches en warr\u00e9 pour les apiculteurs amateurs et plus proche du mode de&hellip; Poursuivre la lecture Concept\" \/>\n<meta property=\"og:url\" content=\"https:\/\/materterra.fr\/?page_id=142\" \/>\n<meta property=\"og:site_name\" content=\"Bienvenue sur le site de l&#039;association\" \/>\n<meta property=\"article:modified_time\" content=\"2023-01-07T14:39:26+00:00\" \/>\n<meta property=\"og:image\" content=\"https:\/\/materterra.fr\/wp-content\/uploads\/2022\/03\/VEGAN-bougie1r.png\" \/>\n<meta name=\"twitter:card\" content=\"summary_large_image\" \/>\n<meta name=\"twitter:label1\" content=\"Dur\u00e9e de lecture estim\u00e9e\" \/>\n\t<meta name=\"twitter:data1\" content=\"2 minutes\" \/>\n<script type=\"application\/ld+json\" class=\"yoast-schema-graph\">{\"@context\":\"https:\/\/schema.org\",\"@graph\":[{\"@type\":\"WebPage\",\"@id\":\"https:\/\/materterra.fr\/?page_id=142\",\"url\":\"https:\/\/materterra.fr\/?page_id=142\",\"name\":\"Concept &#8226; Bienvenue sur le site de l&#039;association\",\"isPartOf\":{\"@id\":\"https:\/\/materterra.fr\/#website\"},\"primaryImageOfPage\":{\"@id\":\"https:\/\/materterra.fr\/?page_id=142#primaryimage\"},\"image\":{\"@id\":\"https:\/\/materterra.fr\/?page_id=142#primaryimage\"},\"thumbnailUrl\":\"https:\/\/materterra.fr\/wp-content\/uploads\/2022\/03\/VEGAN-bougie1r.png\",\"datePublished\":\"2021-08-31T20:42:18+00:00\",\"dateModified\":\"2023-01-07T14:39:26+00:00\",\"breadcrumb\":{\"@id\":\"https:\/\/materterra.fr\/?page_id=142#breadcrumb\"},\"inLanguage\":\"fr-FR\",\"potentialAction\":[{\"@type\":\"ReadAction\",\"target\":[\"https:\/\/materterra.fr\/?page_id=142\"]}]},{\"@type\":\"ImageObject\",\"inLanguage\":\"fr-FR\",\"@id\":\"https:\/\/materterra.fr\/?page_id=142#primaryimage\",\"url\":\"https:\/\/materterra.fr\/wp-content\/uploads\/2022\/03\/VEGAN-bougie1r.png\",\"contentUrl\":\"https:\/\/materterra.fr\/wp-content\/uploads\/2022\/03\/VEGAN-bougie1r.png\",\"width\":450,\"height\":600,\"caption\":\"Bougie association MATERRA - Mater Terra\"},{\"@type\":\"BreadcrumbList\",\"@id\":\"https:\/\/materterra.fr\/?page_id=142#breadcrumb\",\"itemListElement\":[{\"@type\":\"ListItem\",\"position\":1,\"name\":\"Accueil\",\"item\":\"https:\/\/materterra.fr\/\"},{\"@type\":\"ListItem\",\"position\":2,\"name\":\"Concept\"}]},{\"@type\":\"WebSite\",\"@id\":\"https:\/\/materterra.fr\/#website\",\"url\":\"https:\/\/materterra.fr\/\",\"name\":\"Bienvenue sur le site de l&#039;association\",\"description\":\"MATERRA ASSOCIATION LOI 1901\",\"publisher\":{\"@id\":\"https:\/\/materterra.fr\/#organization\"},\"potentialAction\":[{\"@type\":\"SearchAction\",\"target\":{\"@type\":\"EntryPoint\",\"urlTemplate\":\"https:\/\/materterra.fr\/?s={search_term_string}\"},\"query-input\":{\"@type\":\"PropertyValueSpecification\",\"valueRequired\":true,\"valueName\":\"search_term_string\"}}],\"inLanguage\":\"fr-FR\"},{\"@type\":\"Organization\",\"@id\":\"https:\/\/materterra.fr\/#organization\",\"name\":\"MATERRA ASSOCIATION\",\"url\":\"https:\/\/materterra.fr\/\",\"logo\":{\"@type\":\"ImageObject\",\"inLanguage\":\"fr-FR\",\"@id\":\"https:\/\/materterra.fr\/#\/schema\/logo\/image\/\",\"url\":\"https:\/\/materterra.fr\/wp-content\/uploads\/2021\/08\/cropped-LOGO-Association-MATERRA-couleur.png\",\"contentUrl\":\"https:\/\/materterra.fr\/wp-content\/uploads\/2021\/08\/cropped-LOGO-Association-MATERRA-couleur.png\",\"width\":1400,\"height\":315,\"caption\":\"MATERRA ASSOCIATION\"},\"image\":{\"@id\":\"https:\/\/materterra.fr\/#\/schema\/logo\/image\/\"}}]}<\/script>\n<!-- \/ Yoast SEO plugin. -->","yoast_head_json":{"title":"Concept &#8226; Bienvenue sur le site de l&#039;association","robots":{"index":"index","follow":"follow","max-snippet":"max-snippet:-1","max-image-preview":"max-image-preview:large","max-video-preview":"max-video-preview:-1"},"canonical":"https:\/\/materterra.fr\/?page_id=142","og_locale":"fr_FR","og_type":"article","og_title":"Concept &#8226; Bienvenue sur le site de l&#039;association","og_description":"Nous proposons une base de cr\u00e9ations en s\u00e9rie &#8230; Toutefois la r\u00e9alisation est toujours \u00e0 la demande. Le rendu, lui reste unique. Vegan s\u00e9rie Actuellement nous proposons 3 mod\u00e8les int\u00e9gralement issus de la r\u00e9cup\u00e9ration de branches au sol et de cire d&rsquo;abeille (ruches en warr\u00e9 pour les apiculteurs amateurs et plus proche du mode de&hellip; Poursuivre la lecture Concept","og_url":"https:\/\/materterra.fr\/?page_id=142","og_site_name":"Bienvenue sur le site de l&#039;association","article_modified_time":"2023-01-07T14:39:26+00:00","og_image":[{"url":"https:\/\/materterra.fr\/wp-content\/uploads\/2022\/03\/VEGAN-bougie1r.png","type":"","width":"","height":""}],"twitter_card":"summary_large_image","twitter_misc":{"Dur\u00e9e de lecture estim\u00e9e":"2 minutes"},"schema":{"@context":"https:\/\/schema.org","@graph":[{"@type":"WebPage","@id":"https:\/\/materterra.fr\/?page_id=142","url":"https:\/\/materterra.fr\/?page_id=142","name":"Concept &#8226; Bienvenue sur le site de l&#039;association","isPartOf":{"@id":"https:\/\/materterra.fr\/#website"},"primaryImageOfPage":{"@id":"https:\/\/materterra.fr\/?page_id=142#primaryimage"},"image":{"@id":"https:\/\/materterra.fr\/?page_id=142#primaryimage"},"thumbnailUrl":"https:\/\/materterra.fr\/wp-content\/uploads\/2022\/03\/VEGAN-bougie1r.png","datePublished":"2021-08-31T20:42:18+00:00","dateModified":"2023-01-07T14:39:26+00:00","breadcrumb":{"@id":"https:\/\/materterra.fr\/?page_id=142#breadcrumb"},"inLanguage":"fr-FR","potentialAction":[{"@type":"ReadAction","target":["https:\/\/materterra.fr\/?page_id=142"]}]},{"@type":"ImageObject","inLanguage":"fr-FR","@id":"https:\/\/materterra.fr\/?page_id=142#primaryimage","url":"https:\/\/materterra.fr\/wp-content\/uploads\/2022\/03\/VEGAN-bougie1r.png","contentUrl":"https:\/\/materterra.fr\/wp-content\/uploads\/2022\/03\/VEGAN-bougie1r.png","width":450,"height":600,"caption":"Bougie association MATERRA - Mater Terra"},{"@type":"BreadcrumbList","@id":"https:\/\/materterra.fr\/?page_id=142#breadcrumb","itemListElement":[{"@type":"ListItem","position":1,"name":"Accueil","item":"https:\/\/materterra.fr\/"},{"@type":"ListItem","position":2,"name":"Concept"}]},{"@type":"WebSite","@id":"https:\/\/materterra.fr\/#website","url":"https:\/\/materterra.fr\/","name":"Bienvenue sur le site de l&#039;association","description":"MATERRA ASSOCIATION LOI 1901","publisher":{"@id":"https:\/\/materterra.fr\/#organization"},"potentialAction":[{"@type":"SearchAction","target":{"@type":"EntryPoint","urlTemplate":"https:\/\/materterra.fr\/?s={search_term_string}"},"query-input":{"@type":"PropertyValueSpecification","valueRequired":true,"valueName":"search_term_string"}}],"inLanguage":"fr-FR"},{"@type":"Organization","@id":"https:\/\/materterra.fr\/#organization","name":"MATERRA ASSOCIATION","url":"https:\/\/materterra.fr\/","logo":{"@type":"ImageObject","inLanguage":"fr-FR","@id":"https:\/\/materterra.fr\/#\/schema\/logo\/image\/","url":"https:\/\/materterra.fr\/wp-content\/uploads\/2021\/08\/cropped-LOGO-Association-MATERRA-couleur.png","contentUrl":"https:\/\/materterra.fr\/wp-content\/uploads\/2021\/08\/cropped-LOGO-Association-MATERRA-couleur.png","width":1400,"height":315,"caption":"MATERRA ASSOCIATION"},"image":{"@id":"https:\/\/materterra.fr\/#\/schema\/logo\/image\/"}}]}},"_links":{"self":[{"href":"https:\/\/materterra.fr\/index.php?rest_route=\/wp\/v2\/pages\/142","targetHints":{"allow":["GET"]}}],"collection":[{"href":"https:\/\/materterra.fr\/index.php?rest_route=\/wp\/v2\/pages"}],"about":[{"href":"https:\/\/materterra.fr\/index.php?rest_route=\/wp\/v2\/types\/page"}],"author":[{"embeddable":true,"href":"https:\/\/materterra.fr\/index.php?rest_route=\/wp\/v2\/users\/1"}],"replies":[{"embeddable":true,"href":"https:\/\/materterra.fr\/index.php?rest_route=%2Fwp%2Fv2%2Fcomments&post=142"}],"version-history":[{"count":28,"href":"https:\/\/materterra.fr\/index.php?rest_route=\/wp\/v2\/pages\/142\/revisions"}],"predecessor-version":[{"id":445,"href":"https:\/\/materterra.fr\/index.php?rest_route=\/wp\/v2\/pages\/142\/revisions\/445"}],"wp:attachment":[{"href":"https:\/\/materterra.fr\/index.php?rest_route=%2Fwp%2Fv2%2Fmedia&parent=142"}],"curies":[{"name":"wp","href":"https:\/\/api.w.org\/{rel}","templated":true}]}}