{"id":137,"date":"2021-08-30T23:23:40","date_gmt":"2021-08-30T21:23:40","guid":{"rendered":"http:\/\/materterra.fr\/?page_id=137"},"modified":"2023-11-05T16:10:00","modified_gmt":"2023-11-05T15:10:00","slug":"gamme-mixte","status":"publish","type":"page","link":"https:\/\/materterra.fr\/?page_id=137","title":{"rendered":"Gamme mixte"},"content":{"rendered":"\n<p>Nous poursuivons autant que possible la philosophie de l&rsquo;association avec la gamme mixte. Toutefois selon les demandes, les cr\u00e9ations sont accompagn\u00e9es d&rsquo;\u00e9l\u00e9ments directement con\u00e7ues (par exemple une guirlande lumineuse), sont accompagn\u00e9es d&rsquo;accessoires (par exemple des lettres effet miroir) ou r\u00e9alis\u00e9es avec une finition peinture, r\u00e9sine type epoxy, lasure.<\/p>\n\n\n\n<p>Dans un objectif de double respects, \u00e0 la fois \u00e0 la demande et de notre philosophie, l&rsquo;objet abouti nait d&rsquo;une mixit\u00e9. La prise de conscience d&rsquo;une mani\u00e8re d&rsquo;utiliser les \u00e9l\u00e9ments de la Terre avance petits pas par petits pas. Nous ne souhaitons pas r\u00e9volutionner le mode de vie de la soci\u00e9t\u00e9 en une fraction de seconde mais proposer une alternative et une prise de conscience de la consommation excessive des ressources de la Terre.<\/p>\n\n\n\n<h2 class=\"wp-block-heading\">B\u00e2teau en d\u00e9co<\/h2>\n\n\n\n<p>Une id\u00e9e suite \u00e0 des vacances au bord de mer et voici l&rsquo;assemblage d&rsquo;un morceau de bois flott\u00e9 pour la coque, d&rsquo;un tourillon pour le m\u00e2t et une chute de rideau pour la voile (merci la couturi\u00e8re pour les ourlets).<\/p>\n\n\n\n<p>La cr\u00e9ation permettra \u00e0 son heureuse propri\u00e8taire Madame A de se rem\u00e9morer ses vacances.<\/p>\n\n\n<div class=\"wp-block-image\">\n<figure class=\"aligncenter size-full\"><img decoding=\"async\" width=\"450\" height=\"600\" data-src=\"https:\/\/materterra.fr\/wp-content\/uploads\/2023\/05\/Bateau-2023-r.png\" alt=\"Bateau association MATERRA - Mater Terra\" class=\"wp-image-452 lazyload\" data-srcset=\"https:\/\/materterra.fr\/wp-content\/uploads\/2023\/05\/Bateau-2023-r.png 450w, https:\/\/materterra.fr\/wp-content\/uploads\/2023\/05\/Bateau-2023-r-225x300.png 225w\" data-sizes=\"(max-width: 450px) 100vw, 450px\" src=\"data:image\/svg+xml;base64,PHN2ZyB3aWR0aD0iMSIgaGVpZ2h0PSIxIiB4bWxucz0iaHR0cDovL3d3dy53My5vcmcvMjAwMC9zdmciPjwvc3ZnPg==\" style=\"--smush-placeholder-width: 450px; --smush-placeholder-aspect-ratio: 450\/600;\" \/><figcaption class=\"wp-element-caption\">B\u00e2teau en d\u00e9co<\/figcaption><\/figure><\/div>\n\n\n<hr class=\"wp-block-separator has-text-color has-green-color has-alpha-channel-opacity has-green-background-color has-background is-style-twentytwentyone-separator-thick\"\/>\n\n\n\n<h2 class=\"wp-block-heading\">Brasero centre de table<\/h2>\n\n\n\n<p>En cadeau de No\u00ebl pour d\u00e9corer la table du diner, cette cr\u00e9ation associe plusieurs \u00e9l\u00e9ments : le bois flott\u00e9, le verre (le bol est en verre recycl\u00e9), un luminaire (fil de LED achet\u00e9 en commerce) et des \u00e9corces rouge\u00e2tres (achet\u00e9es, la demande est arriv\u00e9e trop tard pour trouver un ami qui poss\u00e9dait des fleurs s\u00e9ch\u00e9s).<\/p>\n\n\n\n<p>L&rsquo;ann\u00e9e suivante l&rsquo;heureuse propri\u00e9taire utilisera les p\u00e9tales s\u00e9ch\u00e9es des roses rouges et oranges de son jardin. L&rsquo;esprit MATERRA sera perp\u00e9tu\u00e9 &#8230;<\/p>\n\n\n<div class=\"wp-block-image\">\n<figure class=\"aligncenter size-full\"><img decoding=\"async\" width=\"450\" height=\"600\" data-src=\"http:\/\/materterra.fr\/wp-content\/uploads\/2021\/09\/Brasero-2021r.jpg\" alt=\"\" class=\"wp-image-187 lazyload\" data-srcset=\"https:\/\/materterra.fr\/wp-content\/uploads\/2021\/09\/Brasero-2021r.jpg 450w, https:\/\/materterra.fr\/wp-content\/uploads\/2021\/09\/Brasero-2021r-225x300.jpg 225w, https:\/\/materterra.fr\/wp-content\/uploads\/2021\/09\/Brasero-2021r-45x60.jpg 45w\" data-sizes=\"(max-width: 450px) 100vw, 450px\" src=\"data:image\/svg+xml;base64,PHN2ZyB3aWR0aD0iMSIgaGVpZ2h0PSIxIiB4bWxucz0iaHR0cDovL3d3dy53My5vcmcvMjAwMC9zdmciPjwvc3ZnPg==\" style=\"--smush-placeholder-width: 450px; --smush-placeholder-aspect-ratio: 450\/600;\" \/><figcaption class=\"wp-element-caption\"> Brasero centre de table <\/figcaption><\/figure><\/div>\n\n\n<hr class=\"wp-block-separator has-text-color has-green-color has-alpha-channel-opacity has-green-background-color has-background is-style-twentytwentyone-separator-thick\"\/>\n\n\n\n<h2 class=\"wp-block-heading\">Luminaire Tillandsia <\/h2>\n\n\n\n<p>Le fruit de plusieurs balades : un morceau de planche flott\u00e9e, un galet, des bois flott\u00e9s ; et un mariage avec une corde en chanvre naturel (morceau r\u00e9cup\u00e9r\u00e9 \u00e0 un ami suite \u00e0 des travaux), un fil lumineux de LED et pour finir 3 magnifiques Tillandsia.<\/p>\n\n\n\n<p>La base a \u00e9t\u00e9 assembl\u00e9e avec une colle pour cach\u00e9e le boitier des piles et l&rsquo;ensemble de la structure est \u00a0\u00bb ligot\u00e9e \u00a0\u00bb par le fil de fer lumineux. La structure fait environ 40 cm de hauteur. Les Tillandsia sont tenues par un fil de cuivre enroul\u00e9 sur lui m\u00eame comme un ressort pour accueillir chacune des Tillandsia. L&rsquo;arrosage est r\u00e9alis\u00e9 avec un vaporisateur.<\/p>\n\n\n<div class=\"wp-block-image\">\n<figure class=\"aligncenter size-full\"><img decoding=\"async\" width=\"318\" height=\"600\" data-src=\"http:\/\/materterra.fr\/wp-content\/uploads\/2021\/09\/Thillandsia-2020.jpg\" alt=\"\" class=\"wp-image-190 lazyload\" data-srcset=\"https:\/\/materterra.fr\/wp-content\/uploads\/2021\/09\/Thillandsia-2020.jpg 318w, https:\/\/materterra.fr\/wp-content\/uploads\/2021\/09\/Thillandsia-2020-159x300.jpg 159w, https:\/\/materterra.fr\/wp-content\/uploads\/2021\/09\/Thillandsia-2020-32x60.jpg 32w\" data-sizes=\"(max-width: 318px) 100vw, 318px\" src=\"data:image\/svg+xml;base64,PHN2ZyB3aWR0aD0iMSIgaGVpZ2h0PSIxIiB4bWxucz0iaHR0cDovL3d3dy53My5vcmcvMjAwMC9zdmciPjwvc3ZnPg==\" style=\"--smush-placeholder-width: 318px; --smush-placeholder-aspect-ratio: 318\/600;\" \/><figcaption class=\"wp-element-caption\"> Luminaire Tillandsia<\/figcaption><\/figure><\/div>\n\n\n<hr class=\"wp-block-separator has-text-color has-vivid-cyan-blue-color has-css-opacity has-vivid-cyan-blue-background-color has-background\"\/>\n\n\n\n<h2 class=\"wp-block-heading\">Fresque murale<\/h2>\n\n\n\n<p>Cette cr\u00e9ation est r\u00e9alis\u00e9e \u00e0 partir une planche trouv\u00e9e au bord de mer. Associ\u00e9e \u00e0 un texte avec effet miroir, une corde en chanvre naturel et des fixations marine, le r\u00e9sultat est tr\u00e8s sympa.<\/p>\n\n\n\n<p>Ps : d\u00e9sol\u00e9 pour la qualit\u00e9 de l&rsquo;image, le fond a \u00e9t\u00e9 modifi\u00e9 et donne un rendu de basse qualit\u00e9.<\/p>\n\n\n<div class=\"wp-block-image\">\n<figure class=\"aligncenter size-full\"><img decoding=\"async\" width=\"730\" height=\"445\" data-src=\"http:\/\/materterra.fr\/wp-content\/uploads\/2021\/09\/Fresquer.jpg\" alt=\"\" class=\"wp-image-194 lazyload\" data-srcset=\"https:\/\/materterra.fr\/wp-content\/uploads\/2021\/09\/Fresquer.jpg 730w, https:\/\/materterra.fr\/wp-content\/uploads\/2021\/09\/Fresquer-300x183.jpg 300w, https:\/\/materterra.fr\/wp-content\/uploads\/2021\/09\/Fresquer-98x60.jpg 98w\" data-sizes=\"(max-width: 730px) 100vw, 730px\" src=\"data:image\/svg+xml;base64,PHN2ZyB3aWR0aD0iMSIgaGVpZ2h0PSIxIiB4bWxucz0iaHR0cDovL3d3dy53My5vcmcvMjAwMC9zdmciPjwvc3ZnPg==\" style=\"--smush-placeholder-width: 730px; --smush-placeholder-aspect-ratio: 730\/445;\" \/><figcaption class=\"wp-element-caption\">Fresque murale<\/figcaption><\/figure><\/div>\n\n\n<hr class=\"wp-block-separator has-text-color has-vivid-cyan-blue-color has-css-opacity has-vivid-cyan-blue-background-color has-background\"\/>\n\n\n\n<h2 class=\"wp-block-heading\">Composition florale<\/h2>\n\n\n\n<p>L&rsquo;envie de r\u00e9aliser un cadeau personnalis\u00e9 et \u00e9volutif pour un anniversaire&#8230; L&rsquo;association de plusieurs balades : une souche de bois d\u00e9pos\u00e9e au bord de mer, des galets soigneusement choisis et un tour \u00e0 la p\u00e9pini\u00e8re locale. Cette composition florale en grande partie r\u00e9alis\u00e9e avec des \u00e9l\u00e9ments naturels est \u00e9galement associ\u00e9e avec un socle en verre synth\u00e9tique transparent pour laisser l&rsquo;illusion de la plage de sable tout autour, retenu par les galets coll\u00e9s entre eux afin que l&rsquo;heureuse propri\u00e9taire n&rsquo;ait pas du sable sur son buffet.<\/p>\n\n\n\n<p>Une boule en verre accroch\u00e9e par de la ficelle de lin vient compl\u00e9ter la composition florale.<\/p>\n\n\n<div class=\"wp-block-image\">\n<figure class=\"aligncenter size-full\"><img decoding=\"async\" width=\"450\" height=\"600\" data-src=\"https:\/\/materterra.fr\/wp-content\/uploads\/2021\/11\/Compo-floraler.jpg\" alt=\"Identit\u00e9 association MATERRA - Mater Terra\" class=\"wp-image-259 lazyload\" data-srcset=\"https:\/\/materterra.fr\/wp-content\/uploads\/2021\/11\/Compo-floraler.jpg 450w, https:\/\/materterra.fr\/wp-content\/uploads\/2021\/11\/Compo-floraler-225x300.jpg 225w, https:\/\/materterra.fr\/wp-content\/uploads\/2021\/11\/Compo-floraler-45x60.jpg 45w\" data-sizes=\"(max-width: 450px) 100vw, 450px\" src=\"data:image\/svg+xml;base64,PHN2ZyB3aWR0aD0iMSIgaGVpZ2h0PSIxIiB4bWxucz0iaHR0cDovL3d3dy53My5vcmcvMjAwMC9zdmciPjwvc3ZnPg==\" style=\"--smush-placeholder-width: 450px; --smush-placeholder-aspect-ratio: 450\/600;\" \/><\/figure><\/div>\n\n\n<hr class=\"wp-block-separator has-text-color has-vivid-cyan-blue-color has-css-opacity has-vivid-cyan-blue-background-color has-background\"\/>\n\n\n\n<h2 class=\"wp-block-heading\">Luminaire \u00e9t\u00e9<\/h2>\n\n\n\n<p>Une demande simple : un cadeau unique et personnalis\u00e9. Au d\u00e9but l&rsquo;\u00e9l\u00e9ment qui semblait \u00eatre le plus difficile \u00e9tait le \u00ab\u00a0pied\u00a0\u00bb. Au final rapidement un galet a \u00e9t\u00e9 identifi\u00e9 pour soutenir l&rsquo;ensemble du luminaire (c\u00f4t\u00e9 technique le foret utilis\u00e9 est un foret diamant\u00e9). Ce n&rsquo;est que plus tard que le bois a \u00e9t\u00e9 d\u00e9nich\u00e9 lors d&rsquo;une rando kayak en rivi\u00e8re par la personne offrant le cadeau. Ce qui signifie que le bois flott\u00e9 est issue d&rsquo;eau douce, et non de la mer ! (je pr\u00e9cise cet \u00e9l\u00e9ment car l&rsquo;aspect du bois flott\u00e9 issu de la mer est diff\u00e9rent de l&rsquo;aspect du bois flott\u00e9 en eau douce. La silice et l&rsquo;\u00e9rosion \/ lavage du bois sont sans doute li\u00e9s).<\/p>\n\n\n\n<p>Assorti d&rsquo;un fil \u00e9lectrique 3 brins tress\u00e9s dans une corde en chanvre et une ampoule LED dans son \u00e9crin en cuivre (la barre reliant le galet et le bois est \u00e9galement en cuivre), ce luminaire est un pur cadeau esprit Materra.<\/p>\n\n\n\n<div class=\"wp-block-columns is-layout-flex wp-container-core-columns-is-layout-9d6595d7 wp-block-columns-is-layout-flex\">\n<div class=\"wp-block-column is-layout-flow wp-block-column-is-layout-flow\">\n<figure class=\"wp-block-image size-full\"><img decoding=\"async\" width=\"450\" height=\"600\" data-src=\"https:\/\/materterra.fr\/wp-content\/uploads\/2022\/06\/Luminaire-flotte-20201r.png\" alt=\"Luminaire association MATERRA - Mater Terra\" class=\"wp-image-395 lazyload\" data-srcset=\"https:\/\/materterra.fr\/wp-content\/uploads\/2022\/06\/Luminaire-flotte-20201r.png 450w, https:\/\/materterra.fr\/wp-content\/uploads\/2022\/06\/Luminaire-flotte-20201r-225x300.png 225w\" data-sizes=\"(max-width: 450px) 100vw, 450px\" src=\"data:image\/svg+xml;base64,PHN2ZyB3aWR0aD0iMSIgaGVpZ2h0PSIxIiB4bWxucz0iaHR0cDovL3d3dy53My5vcmcvMjAwMC9zdmciPjwvc3ZnPg==\" style=\"--smush-placeholder-width: 450px; --smush-placeholder-aspect-ratio: 450\/600;\" \/><\/figure>\n<\/div>\n\n\n\n<div class=\"wp-block-column is-layout-flow wp-block-column-is-layout-flow\">\n<figure class=\"wp-block-image size-full\"><img decoding=\"async\" width=\"450\" height=\"600\" data-src=\"https:\/\/materterra.fr\/wp-content\/uploads\/2022\/06\/Luminaire-flotte-20202r.png\" alt=\"Luminaire association MATERRA - Mater Terra\" class=\"wp-image-396 lazyload\" data-srcset=\"https:\/\/materterra.fr\/wp-content\/uploads\/2022\/06\/Luminaire-flotte-20202r.png 450w, https:\/\/materterra.fr\/wp-content\/uploads\/2022\/06\/Luminaire-flotte-20202r-225x300.png 225w\" data-sizes=\"(max-width: 450px) 100vw, 450px\" src=\"data:image\/svg+xml;base64,PHN2ZyB3aWR0aD0iMSIgaGVpZ2h0PSIxIiB4bWxucz0iaHR0cDovL3d3dy53My5vcmcvMjAwMC9zdmciPjwvc3ZnPg==\" style=\"--smush-placeholder-width: 450px; --smush-placeholder-aspect-ratio: 450\/600;\" \/><\/figure>\n<\/div>\n<\/div>\n\n\n\n<div class=\"wp-block-columns is-layout-flex wp-container-core-columns-is-layout-9d6595d7 wp-block-columns-is-layout-flex\">\n<div class=\"wp-block-column is-layout-flow wp-block-column-is-layout-flow\">\n<figure class=\"wp-block-image size-full\"><img decoding=\"async\" width=\"450\" height=\"600\" data-src=\"https:\/\/materterra.fr\/wp-content\/uploads\/2022\/06\/Luminaire-flotte-20204r.png\" alt=\"Luminaire association MATERRA - Mater Terra\" class=\"wp-image-399 lazyload\" data-srcset=\"https:\/\/materterra.fr\/wp-content\/uploads\/2022\/06\/Luminaire-flotte-20204r.png 450w, https:\/\/materterra.fr\/wp-content\/uploads\/2022\/06\/Luminaire-flotte-20204r-225x300.png 225w\" data-sizes=\"(max-width: 450px) 100vw, 450px\" src=\"data:image\/svg+xml;base64,PHN2ZyB3aWR0aD0iMSIgaGVpZ2h0PSIxIiB4bWxucz0iaHR0cDovL3d3dy53My5vcmcvMjAwMC9zdmciPjwvc3ZnPg==\" style=\"--smush-placeholder-width: 450px; --smush-placeholder-aspect-ratio: 450\/600;\" \/><\/figure>\n<\/div>\n\n\n\n<div class=\"wp-block-column is-layout-flow wp-block-column-is-layout-flow\">\n<figure class=\"wp-block-image size-full\"><img decoding=\"async\" width=\"450\" height=\"600\" data-src=\"https:\/\/materterra.fr\/wp-content\/uploads\/2022\/06\/Luminaire-flotte-20203r.png\" alt=\"Luminaire association MATERRA - Mater Terra\" class=\"wp-image-400 lazyload\" data-srcset=\"https:\/\/materterra.fr\/wp-content\/uploads\/2022\/06\/Luminaire-flotte-20203r.png 450w, https:\/\/materterra.fr\/wp-content\/uploads\/2022\/06\/Luminaire-flotte-20203r-225x300.png 225w\" data-sizes=\"(max-width: 450px) 100vw, 450px\" src=\"data:image\/svg+xml;base64,PHN2ZyB3aWR0aD0iMSIgaGVpZ2h0PSIxIiB4bWxucz0iaHR0cDovL3d3dy53My5vcmcvMjAwMC9zdmciPjwvc3ZnPg==\" style=\"--smush-placeholder-width: 450px; --smush-placeholder-aspect-ratio: 450\/600;\" \/><\/figure>\n<\/div>\n<\/div>\n\n\n\n<hr class=\"wp-block-separator has-text-color has-css-opacity has-background\" style=\"background-color:#0693ef;color:#0693ef\"\/>\n\n\n\n<h2 class=\"wp-block-heading\">Prochaines cr\u00e9ations &#8230;<\/h2>\n\n\n\n<hr class=\"wp-block-separator has-text-color has-vivid-cyan-blue-color has-css-opacity has-vivid-cyan-blue-background-color has-background\"\/>\n\n\n\n<div class=\"wp-block-buttons is-horizontal is-content-justification-center is-layout-flex wp-container-core-buttons-is-layout-499968f5 wp-block-buttons-is-layout-flex\">\n<div class=\"wp-block-button is-style-outline is-style-outline--1\"><a class=\"wp-block-button__link wp-element-button\" href=\"https:\/\/materterra.fr\/?page_id=85\">Retour \u00e0 la rubrique \u00a0\u00bb Cr\u00e9ations \u00ab\u00a0<\/a><\/div>\n<\/div>\n\n\n\n<p><\/p>\n","protected":false},"excerpt":{"rendered":"<p>Nous poursuivons autant que possible la philosophie de l&rsquo;association avec la gamme mixte. Toutefois selon les demandes, les cr\u00e9ations sont accompagn\u00e9es d&rsquo;\u00e9l\u00e9ments directement con\u00e7ues (par exemple une guirlande lumineuse), sont accompagn\u00e9es d&rsquo;accessoires (par exemple des lettres effet miroir) ou r\u00e9alis\u00e9es avec une finition peinture, r\u00e9sine type epoxy, lasure. Dans un objectif de double respects, \u00e0&hellip; <a class=\"more-link\" href=\"https:\/\/materterra.fr\/?page_id=137\">Poursuivre la lecture <span class=\"screen-reader-text\">Gamme mixte<\/span><\/a><\/p>\n","protected":false},"author":1,"featured_media":0,"parent":85,"menu_order":0,"comment_status":"closed","ping_status":"closed","template":"","meta":{"footnotes":""},"class_list":["post-137","page","type-page","status-publish","hentry","entry"],"yoast_head":"<!-- This site is optimized with the Yoast SEO plugin v25.8 - https:\/\/yoast.com\/wordpress\/plugins\/seo\/ -->\n<title>Gamme mixte &#8226; Bienvenue sur le site de l&#039;association<\/title>\n<meta name=\"robots\" content=\"index, follow, max-snippet:-1, max-image-preview:large, max-video-preview:-1\" \/>\n<link rel=\"canonical\" href=\"https:\/\/materterra.fr\/?page_id=137\" \/>\n<meta property=\"og:locale\" content=\"fr_FR\" \/>\n<meta property=\"og:type\" content=\"article\" \/>\n<meta property=\"og:title\" content=\"Gamme mixte &#8226; Bienvenue sur le site de l&#039;association\" \/>\n<meta property=\"og:description\" content=\"Nous poursuivons autant que possible la philosophie de l&rsquo;association avec la gamme mixte. Toutefois selon les demandes, les cr\u00e9ations sont accompagn\u00e9es d&rsquo;\u00e9l\u00e9ments directement con\u00e7ues (par exemple une guirlande lumineuse), sont accompagn\u00e9es d&rsquo;accessoires (par exemple des lettres effet miroir) ou r\u00e9alis\u00e9es avec une finition peinture, r\u00e9sine type epoxy, lasure. Dans un objectif de double respects, \u00e0&hellip; Poursuivre la lecture Gamme mixte\" \/>\n<meta property=\"og:url\" content=\"https:\/\/materterra.fr\/?page_id=137\" \/>\n<meta property=\"og:site_name\" content=\"Bienvenue sur le site de l&#039;association\" \/>\n<meta property=\"article:modified_time\" content=\"2023-11-05T15:10:00+00:00\" \/>\n<meta property=\"og:image\" content=\"https:\/\/materterra.fr\/wp-content\/uploads\/2023\/05\/Bateau-2023-r.png\" \/>\n<meta name=\"twitter:card\" content=\"summary_large_image\" \/>\n<meta name=\"twitter:label1\" content=\"Dur\u00e9e de lecture estim\u00e9e\" \/>\n\t<meta name=\"twitter:data1\" content=\"5 minutes\" \/>\n<script type=\"application\/ld+json\" class=\"yoast-schema-graph\">{\"@context\":\"https:\/\/schema.org\",\"@graph\":[{\"@type\":\"WebPage\",\"@id\":\"https:\/\/materterra.fr\/?page_id=137\",\"url\":\"https:\/\/materterra.fr\/?page_id=137\",\"name\":\"Gamme mixte &#8226; Bienvenue sur le site de l&#039;association\",\"isPartOf\":{\"@id\":\"https:\/\/materterra.fr\/#website\"},\"primaryImageOfPage\":{\"@id\":\"https:\/\/materterra.fr\/?page_id=137#primaryimage\"},\"image\":{\"@id\":\"https:\/\/materterra.fr\/?page_id=137#primaryimage\"},\"thumbnailUrl\":\"https:\/\/materterra.fr\/wp-content\/uploads\/2023\/05\/Bateau-2023-r.png\",\"datePublished\":\"2021-08-30T21:23:40+00:00\",\"dateModified\":\"2023-11-05T15:10:00+00:00\",\"breadcrumb\":{\"@id\":\"https:\/\/materterra.fr\/?page_id=137#breadcrumb\"},\"inLanguage\":\"fr-FR\",\"potentialAction\":[{\"@type\":\"ReadAction\",\"target\":[\"https:\/\/materterra.fr\/?page_id=137\"]}]},{\"@type\":\"ImageObject\",\"inLanguage\":\"fr-FR\",\"@id\":\"https:\/\/materterra.fr\/?page_id=137#primaryimage\",\"url\":\"https:\/\/materterra.fr\/wp-content\/uploads\/2023\/05\/Bateau-2023-r.png\",\"contentUrl\":\"https:\/\/materterra.fr\/wp-content\/uploads\/2023\/05\/Bateau-2023-r.png\",\"width\":450,\"height\":600,\"caption\":\"Bateau association MATERRA - Mater Terra\"},{\"@type\":\"BreadcrumbList\",\"@id\":\"https:\/\/materterra.fr\/?page_id=137#breadcrumb\",\"itemListElement\":[{\"@type\":\"ListItem\",\"position\":1,\"name\":\"Accueil\",\"item\":\"https:\/\/materterra.fr\/\"},{\"@type\":\"ListItem\",\"position\":2,\"name\":\"Nos cr\u00e9ations\",\"item\":\"https:\/\/materterra.fr\/?page_id=85\"},{\"@type\":\"ListItem\",\"position\":3,\"name\":\"Gamme mixte\"}]},{\"@type\":\"WebSite\",\"@id\":\"https:\/\/materterra.fr\/#website\",\"url\":\"https:\/\/materterra.fr\/\",\"name\":\"Bienvenue sur le site de l&#039;association\",\"description\":\"MATERRA ASSOCIATION LOI 1901\",\"publisher\":{\"@id\":\"https:\/\/materterra.fr\/#organization\"},\"potentialAction\":[{\"@type\":\"SearchAction\",\"target\":{\"@type\":\"EntryPoint\",\"urlTemplate\":\"https:\/\/materterra.fr\/?s={search_term_string}\"},\"query-input\":{\"@type\":\"PropertyValueSpecification\",\"valueRequired\":true,\"valueName\":\"search_term_string\"}}],\"inLanguage\":\"fr-FR\"},{\"@type\":\"Organization\",\"@id\":\"https:\/\/materterra.fr\/#organization\",\"name\":\"MATERRA ASSOCIATION\",\"url\":\"https:\/\/materterra.fr\/\",\"logo\":{\"@type\":\"ImageObject\",\"inLanguage\":\"fr-FR\",\"@id\":\"https:\/\/materterra.fr\/#\/schema\/logo\/image\/\",\"url\":\"https:\/\/materterra.fr\/wp-content\/uploads\/2021\/08\/cropped-LOGO-Association-MATERRA-couleur.png\",\"contentUrl\":\"https:\/\/materterra.fr\/wp-content\/uploads\/2021\/08\/cropped-LOGO-Association-MATERRA-couleur.png\",\"width\":1400,\"height\":315,\"caption\":\"MATERRA ASSOCIATION\"},\"image\":{\"@id\":\"https:\/\/materterra.fr\/#\/schema\/logo\/image\/\"}}]}<\/script>\n<!-- \/ Yoast SEO plugin. -->","yoast_head_json":{"title":"Gamme mixte &#8226; Bienvenue sur le site de l&#039;association","robots":{"index":"index","follow":"follow","max-snippet":"max-snippet:-1","max-image-preview":"max-image-preview:large","max-video-preview":"max-video-preview:-1"},"canonical":"https:\/\/materterra.fr\/?page_id=137","og_locale":"fr_FR","og_type":"article","og_title":"Gamme mixte &#8226; Bienvenue sur le site de l&#039;association","og_description":"Nous poursuivons autant que possible la philosophie de l&rsquo;association avec la gamme mixte. Toutefois selon les demandes, les cr\u00e9ations sont accompagn\u00e9es d&rsquo;\u00e9l\u00e9ments directement con\u00e7ues (par exemple une guirlande lumineuse), sont accompagn\u00e9es d&rsquo;accessoires (par exemple des lettres effet miroir) ou r\u00e9alis\u00e9es avec une finition peinture, r\u00e9sine type epoxy, lasure. Dans un objectif de double respects, \u00e0&hellip; Poursuivre la lecture Gamme mixte","og_url":"https:\/\/materterra.fr\/?page_id=137","og_site_name":"Bienvenue sur le site de l&#039;association","article_modified_time":"2023-11-05T15:10:00+00:00","og_image":[{"url":"https:\/\/materterra.fr\/wp-content\/uploads\/2023\/05\/Bateau-2023-r.png","type":"","width":"","height":""}],"twitter_card":"summary_large_image","twitter_misc":{"Dur\u00e9e de lecture estim\u00e9e":"5 minutes"},"schema":{"@context":"https:\/\/schema.org","@graph":[{"@type":"WebPage","@id":"https:\/\/materterra.fr\/?page_id=137","url":"https:\/\/materterra.fr\/?page_id=137","name":"Gamme mixte &#8226; Bienvenue sur le site de l&#039;association","isPartOf":{"@id":"https:\/\/materterra.fr\/#website"},"primaryImageOfPage":{"@id":"https:\/\/materterra.fr\/?page_id=137#primaryimage"},"image":{"@id":"https:\/\/materterra.fr\/?page_id=137#primaryimage"},"thumbnailUrl":"https:\/\/materterra.fr\/wp-content\/uploads\/2023\/05\/Bateau-2023-r.png","datePublished":"2021-08-30T21:23:40+00:00","dateModified":"2023-11-05T15:10:00+00:00","breadcrumb":{"@id":"https:\/\/materterra.fr\/?page_id=137#breadcrumb"},"inLanguage":"fr-FR","potentialAction":[{"@type":"ReadAction","target":["https:\/\/materterra.fr\/?page_id=137"]}]},{"@type":"ImageObject","inLanguage":"fr-FR","@id":"https:\/\/materterra.fr\/?page_id=137#primaryimage","url":"https:\/\/materterra.fr\/wp-content\/uploads\/2023\/05\/Bateau-2023-r.png","contentUrl":"https:\/\/materterra.fr\/wp-content\/uploads\/2023\/05\/Bateau-2023-r.png","width":450,"height":600,"caption":"Bateau association MATERRA - Mater Terra"},{"@type":"BreadcrumbList","@id":"https:\/\/materterra.fr\/?page_id=137#breadcrumb","itemListElement":[{"@type":"ListItem","position":1,"name":"Accueil","item":"https:\/\/materterra.fr\/"},{"@type":"ListItem","position":2,"name":"Nos cr\u00e9ations","item":"https:\/\/materterra.fr\/?page_id=85"},{"@type":"ListItem","position":3,"name":"Gamme mixte"}]},{"@type":"WebSite","@id":"https:\/\/materterra.fr\/#website","url":"https:\/\/materterra.fr\/","name":"Bienvenue sur le site de l&#039;association","description":"MATERRA ASSOCIATION LOI 1901","publisher":{"@id":"https:\/\/materterra.fr\/#organization"},"potentialAction":[{"@type":"SearchAction","target":{"@type":"EntryPoint","urlTemplate":"https:\/\/materterra.fr\/?s={search_term_string}"},"query-input":{"@type":"PropertyValueSpecification","valueRequired":true,"valueName":"search_term_string"}}],"inLanguage":"fr-FR"},{"@type":"Organization","@id":"https:\/\/materterra.fr\/#organization","name":"MATERRA ASSOCIATION","url":"https:\/\/materterra.fr\/","logo":{"@type":"ImageObject","inLanguage":"fr-FR","@id":"https:\/\/materterra.fr\/#\/schema\/logo\/image\/","url":"https:\/\/materterra.fr\/wp-content\/uploads\/2021\/08\/cropped-LOGO-Association-MATERRA-couleur.png","contentUrl":"https:\/\/materterra.fr\/wp-content\/uploads\/2021\/08\/cropped-LOGO-Association-MATERRA-couleur.png","width":1400,"height":315,"caption":"MATERRA ASSOCIATION"},"image":{"@id":"https:\/\/materterra.fr\/#\/schema\/logo\/image\/"}}]}},"_links":{"self":[{"href":"https:\/\/materterra.fr\/index.php?rest_route=\/wp\/v2\/pages\/137","targetHints":{"allow":["GET"]}}],"collection":[{"href":"https:\/\/materterra.fr\/index.php?rest_route=\/wp\/v2\/pages"}],"about":[{"href":"https:\/\/materterra.fr\/index.php?rest_route=\/wp\/v2\/types\/page"}],"author":[{"embeddable":true,"href":"https:\/\/materterra.fr\/index.php?rest_route=\/wp\/v2\/users\/1"}],"replies":[{"embeddable":true,"href":"https:\/\/materterra.fr\/index.php?rest_route=%2Fwp%2Fv2%2Fcomments&post=137"}],"version-history":[{"count":17,"href":"https:\/\/materterra.fr\/index.php?rest_route=\/wp\/v2\/pages\/137\/revisions"}],"predecessor-version":[{"id":462,"href":"https:\/\/materterra.fr\/index.php?rest_route=\/wp\/v2\/pages\/137\/revisions\/462"}],"up":[{"embeddable":true,"href":"https:\/\/materterra.fr\/index.php?rest_route=\/wp\/v2\/pages\/85"}],"wp:attachment":[{"href":"https:\/\/materterra.fr\/index.php?rest_route=%2Fwp%2Fv2%2Fmedia&parent=137"}],"curies":[{"name":"wp","href":"https:\/\/api.w.org\/{rel}","templated":true}]}}