{"id":104,"date":"2021-08-28T23:23:48","date_gmt":"2021-08-28T21:23:48","guid":{"rendered":"http:\/\/materterra.fr\/?page_id=104"},"modified":"2022-03-26T19:33:55","modified_gmt":"2022-03-26T18:33:55","slug":"les-elements-travailles","status":"publish","type":"page","link":"https:\/\/materterra.fr\/?page_id=104","title":{"rendered":"Les \u00e9l\u00e9ments travaill\u00e9s"},"content":{"rendered":"\n<p class=\"has-drop-cap has-medium-font-size\">Principalement le <strong>bois <\/strong>! Il existe de multiples mani\u00e8res de travailler le bois. Et le bois lui-m\u00eame offre de multiples mani\u00e8res d&rsquo;\u00eatre travaill\u00e9. Le bois se trouve dans diff\u00e9rents \u00ab\u00a0\u00e9tats\u00a0\u00bb selon le moment de coupe (bois vert ou bois sec). Il pr\u00e9sente diff\u00e9rentes apparences selon son v\u00e9cu (bois flott\u00e9, bois brul\u00e9e, souche enfouie, &#8230;). Il poss\u00e8de plusieurs propri\u00e9t\u00e9s selon son origine (arbre r\u00e9sineux, arbre feuillus et toutes les vari\u00e9t\u00e9s pr\u00e9sentes sur la plan\u00e8te). Cet \u00e9l\u00e9ment est ainsi l&rsquo;\u00e9l\u00e9ment omnipr\u00e9sent dans nos cr\u00e9ations.<\/p>\n\n\n\n<p class=\"has-drop-cap has-medium-font-size\">Nous avons l&rsquo;occasion de travailler d&rsquo;autres \u00e9l\u00e9ments (nous parlons ici pour la gamme naturelle). Nous avons eu l&rsquo;opportunit\u00e9 de travailler des <strong>galets, des fleurs, du li\u00e8ge<\/strong> &#8230; Ces \u00e9l\u00e9ments secondaires se pr\u00e9sentent au fil du temps et des demandes. Bien \u00e9videment vous avez vu que des \u00e9l\u00e9ments produits par l&rsquo;humain sont utilis\u00e9s : nous voyons cela comme une aide et non comme un \u00e9l\u00e9ment travaill\u00e9 ou \u00e0 travailler : d&rsquo;autres m\u00e9tiers s&rsquo;ajoutent \u00e0 notre aventure, les artisans sont divers et r\u00e9alisent de merveilleux objets, outils et gadgets indispensables dans notre aventure.<\/p>\n\n\n\n<p class=\"has-medium-font-size\">Par exemple dans la gamme naturelle, nous privil\u00e9gions l&rsquo;utilisation de clous (en fer recycl\u00e9s) pour assembler 2 \u00e9l\u00e9ments plut\u00f4t que de la colle \u00e0 bois.<\/p>\n\n\n\n<div class=\"wp-block-image is-style-default\"><figure class=\"aligncenter size-medium\"><img decoding=\"async\" width=\"225\" height=\"300\" data-src=\"https:\/\/materterra.fr\/wp-content\/uploads\/2022\/03\/Liege1r-225x300.png\" alt=\"Li\u00e8ge association MATERRA - Mater Terra\" class=\"wp-image-373 lazyload\" data-srcset=\"https:\/\/materterra.fr\/wp-content\/uploads\/2022\/03\/Liege1r-225x300.png 225w, https:\/\/materterra.fr\/wp-content\/uploads\/2022\/03\/Liege1r.png 450w\" data-sizes=\"(max-width: 225px) 100vw, 225px\" src=\"data:image\/svg+xml;base64,PHN2ZyB3aWR0aD0iMSIgaGVpZ2h0PSIxIiB4bWxucz0iaHR0cDovL3d3dy53My5vcmcvMjAwMC9zdmciPjwvc3ZnPg==\" style=\"--smush-placeholder-width: 225px; --smush-placeholder-aspect-ratio: 225\/300;\" \/><figcaption>Branche de ch\u00eane li\u00e8ge<\/figcaption><\/figure><\/div>\n\n\n\n<p class=\"has-drop-cap has-normal-font-size\">Un merveilleux produit pour rendre \u00e9tanche nos pots en bois pour accueillir des plantes est la <strong>cire d&rsquo;abeille<\/strong>. Naturelle et accompagn\u00e9e d&rsquo;un doux parfum, nous avons choisis de faire appel \u00e0 des amis apiculteurs pour recycler les rayons cass\u00e9s, morceaux tomb\u00e9s ou carr\u00e9ment les rayons \u00e0 renouveler non r\u00e9utilis\u00e9s directement dans les ruches. Cet \u00e9l\u00e9ment s&rsquo;int\u00e8gre parfaitement dans la <a href=\"https:\/\/materterra.fr\/?page_id=129\">gamme 100% naturelle<\/a>  et  la <a href=\"https:\/\/materterra.fr\/?page_id=142\">VEGAN s\u00e9rie<\/a>.<\/p>\n\n\n\n<div class=\"wp-block-image\"><figure class=\"aligncenter size-full is-resized\"><img decoding=\"async\" data-src=\"https:\/\/materterra.fr\/wp-content\/uploads\/2022\/03\/Cirer.png\" alt=\"Cire association MATERRA - Mater Terra\" class=\"wp-image-308 lazyload\" width=\"270\" height=\"360\" data-srcset=\"https:\/\/materterra.fr\/wp-content\/uploads\/2022\/03\/Cirer.png 540w, https:\/\/materterra.fr\/wp-content\/uploads\/2022\/03\/Cirer-225x300.png 225w\" data-sizes=\"(max-width: 270px) 100vw, 270px\" src=\"data:image\/svg+xml;base64,PHN2ZyB3aWR0aD0iMSIgaGVpZ2h0PSIxIiB4bWxucz0iaHR0cDovL3d3dy53My5vcmcvMjAwMC9zdmciPjwvc3ZnPg==\" style=\"--smush-placeholder-width: 270px; --smush-placeholder-aspect-ratio: 270\/360;\" \/><figcaption>Moulage cire abeille<\/figcaption><\/figure><\/div>\n","protected":false},"excerpt":{"rendered":"<p>Principalement le bois ! Il existe de multiples mani\u00e8res de travailler le bois. Et le bois lui-m\u00eame offre de multiples mani\u00e8res d&rsquo;\u00eatre travaill\u00e9. Le bois se trouve dans diff\u00e9rents \u00ab\u00a0\u00e9tats\u00a0\u00bb selon le moment de coupe (bois vert ou bois sec). Il pr\u00e9sente diff\u00e9rentes apparences selon son v\u00e9cu (bois flott\u00e9, bois brul\u00e9e, souche enfouie, &#8230;). Il&hellip; <a class=\"more-link\" href=\"https:\/\/materterra.fr\/?page_id=104\">Poursuivre la lecture <span class=\"screen-reader-text\">Les \u00e9l\u00e9ments travaill\u00e9s<\/span><\/a><\/p>\n","protected":false},"author":1,"featured_media":0,"parent":0,"menu_order":0,"comment_status":"closed","ping_status":"closed","template":"","meta":{"footnotes":""},"class_list":["post-104","page","type-page","status-publish","hentry","entry"],"yoast_head":"<!-- This site is optimized with the Yoast SEO plugin v25.8 - https:\/\/yoast.com\/wordpress\/plugins\/seo\/ -->\n<title>Les \u00e9l\u00e9ments travaill\u00e9s &#8226; Bienvenue sur le site de l&#039;association<\/title>\n<meta name=\"robots\" content=\"index, follow, max-snippet:-1, max-image-preview:large, max-video-preview:-1\" \/>\n<link rel=\"canonical\" href=\"https:\/\/materterra.fr\/?page_id=104\" \/>\n<meta property=\"og:locale\" content=\"fr_FR\" \/>\n<meta property=\"og:type\" content=\"article\" \/>\n<meta property=\"og:title\" content=\"Les \u00e9l\u00e9ments travaill\u00e9s &#8226; Bienvenue sur le site de l&#039;association\" \/>\n<meta property=\"og:description\" content=\"Principalement le bois ! Il existe de multiples mani\u00e8res de travailler le bois. Et le bois lui-m\u00eame offre de multiples mani\u00e8res d&rsquo;\u00eatre travaill\u00e9. Le bois se trouve dans diff\u00e9rents \u00ab\u00a0\u00e9tats\u00a0\u00bb selon le moment de coupe (bois vert ou bois sec). Il pr\u00e9sente diff\u00e9rentes apparences selon son v\u00e9cu (bois flott\u00e9, bois brul\u00e9e, souche enfouie, &#8230;). Il&hellip; Poursuivre la lecture Les \u00e9l\u00e9ments travaill\u00e9s\" \/>\n<meta property=\"og:url\" content=\"https:\/\/materterra.fr\/?page_id=104\" \/>\n<meta property=\"og:site_name\" content=\"Bienvenue sur le site de l&#039;association\" \/>\n<meta property=\"article:modified_time\" content=\"2022-03-26T18:33:55+00:00\" \/>\n<meta property=\"og:image\" content=\"https:\/\/materterra.fr\/wp-content\/uploads\/2022\/03\/Liege1r-225x300.png\" \/>\n<meta name=\"twitter:card\" content=\"summary_large_image\" \/>\n<meta name=\"twitter:label1\" content=\"Dur\u00e9e de lecture estim\u00e9e\" \/>\n\t<meta name=\"twitter:data1\" content=\"2 minutes\" \/>\n<script type=\"application\/ld+json\" class=\"yoast-schema-graph\">{\"@context\":\"https:\/\/schema.org\",\"@graph\":[{\"@type\":\"WebPage\",\"@id\":\"https:\/\/materterra.fr\/?page_id=104\",\"url\":\"https:\/\/materterra.fr\/?page_id=104\",\"name\":\"Les \u00e9l\u00e9ments travaill\u00e9s &#8226; Bienvenue sur le site de l&#039;association\",\"isPartOf\":{\"@id\":\"https:\/\/materterra.fr\/#website\"},\"primaryImageOfPage\":{\"@id\":\"https:\/\/materterra.fr\/?page_id=104#primaryimage\"},\"image\":{\"@id\":\"https:\/\/materterra.fr\/?page_id=104#primaryimage\"},\"thumbnailUrl\":\"https:\/\/materterra.fr\/wp-content\/uploads\/2022\/03\/Liege1r-225x300.png\",\"datePublished\":\"2021-08-28T21:23:48+00:00\",\"dateModified\":\"2022-03-26T18:33:55+00:00\",\"breadcrumb\":{\"@id\":\"https:\/\/materterra.fr\/?page_id=104#breadcrumb\"},\"inLanguage\":\"fr-FR\",\"potentialAction\":[{\"@type\":\"ReadAction\",\"target\":[\"https:\/\/materterra.fr\/?page_id=104\"]}]},{\"@type\":\"ImageObject\",\"inLanguage\":\"fr-FR\",\"@id\":\"https:\/\/materterra.fr\/?page_id=104#primaryimage\",\"url\":\"https:\/\/materterra.fr\/wp-content\/uploads\/2022\/03\/Liege1r.png\",\"contentUrl\":\"https:\/\/materterra.fr\/wp-content\/uploads\/2022\/03\/Liege1r.png\",\"width\":450,\"height\":600,\"caption\":\"Li\u00e8ge association MATERRA - Mater Terra\"},{\"@type\":\"BreadcrumbList\",\"@id\":\"https:\/\/materterra.fr\/?page_id=104#breadcrumb\",\"itemListElement\":[{\"@type\":\"ListItem\",\"position\":1,\"name\":\"Accueil\",\"item\":\"https:\/\/materterra.fr\/\"},{\"@type\":\"ListItem\",\"position\":2,\"name\":\"Les \u00e9l\u00e9ments travaill\u00e9s\"}]},{\"@type\":\"WebSite\",\"@id\":\"https:\/\/materterra.fr\/#website\",\"url\":\"https:\/\/materterra.fr\/\",\"name\":\"Bienvenue sur le site de l&#039;association\",\"description\":\"MATERRA ASSOCIATION LOI 1901\",\"publisher\":{\"@id\":\"https:\/\/materterra.fr\/#organization\"},\"potentialAction\":[{\"@type\":\"SearchAction\",\"target\":{\"@type\":\"EntryPoint\",\"urlTemplate\":\"https:\/\/materterra.fr\/?s={search_term_string}\"},\"query-input\":{\"@type\":\"PropertyValueSpecification\",\"valueRequired\":true,\"valueName\":\"search_term_string\"}}],\"inLanguage\":\"fr-FR\"},{\"@type\":\"Organization\",\"@id\":\"https:\/\/materterra.fr\/#organization\",\"name\":\"MATERRA ASSOCIATION\",\"url\":\"https:\/\/materterra.fr\/\",\"logo\":{\"@type\":\"ImageObject\",\"inLanguage\":\"fr-FR\",\"@id\":\"https:\/\/materterra.fr\/#\/schema\/logo\/image\/\",\"url\":\"https:\/\/materterra.fr\/wp-content\/uploads\/2021\/08\/cropped-LOGO-Association-MATERRA-couleur.png\",\"contentUrl\":\"https:\/\/materterra.fr\/wp-content\/uploads\/2021\/08\/cropped-LOGO-Association-MATERRA-couleur.png\",\"width\":1400,\"height\":315,\"caption\":\"MATERRA ASSOCIATION\"},\"image\":{\"@id\":\"https:\/\/materterra.fr\/#\/schema\/logo\/image\/\"}}]}<\/script>\n<!-- \/ Yoast SEO plugin. -->","yoast_head_json":{"title":"Les \u00e9l\u00e9ments travaill\u00e9s &#8226; Bienvenue sur le site de l&#039;association","robots":{"index":"index","follow":"follow","max-snippet":"max-snippet:-1","max-image-preview":"max-image-preview:large","max-video-preview":"max-video-preview:-1"},"canonical":"https:\/\/materterra.fr\/?page_id=104","og_locale":"fr_FR","og_type":"article","og_title":"Les \u00e9l\u00e9ments travaill\u00e9s &#8226; Bienvenue sur le site de l&#039;association","og_description":"Principalement le bois ! Il existe de multiples mani\u00e8res de travailler le bois. Et le bois lui-m\u00eame offre de multiples mani\u00e8res d&rsquo;\u00eatre travaill\u00e9. Le bois se trouve dans diff\u00e9rents \u00ab\u00a0\u00e9tats\u00a0\u00bb selon le moment de coupe (bois vert ou bois sec). Il pr\u00e9sente diff\u00e9rentes apparences selon son v\u00e9cu (bois flott\u00e9, bois brul\u00e9e, souche enfouie, &#8230;). Il&hellip; Poursuivre la lecture Les \u00e9l\u00e9ments travaill\u00e9s","og_url":"https:\/\/materterra.fr\/?page_id=104","og_site_name":"Bienvenue sur le site de l&#039;association","article_modified_time":"2022-03-26T18:33:55+00:00","og_image":[{"url":"https:\/\/materterra.fr\/wp-content\/uploads\/2022\/03\/Liege1r-225x300.png","type":"","width":"","height":""}],"twitter_card":"summary_large_image","twitter_misc":{"Dur\u00e9e de lecture estim\u00e9e":"2 minutes"},"schema":{"@context":"https:\/\/schema.org","@graph":[{"@type":"WebPage","@id":"https:\/\/materterra.fr\/?page_id=104","url":"https:\/\/materterra.fr\/?page_id=104","name":"Les \u00e9l\u00e9ments travaill\u00e9s &#8226; Bienvenue sur le site de l&#039;association","isPartOf":{"@id":"https:\/\/materterra.fr\/#website"},"primaryImageOfPage":{"@id":"https:\/\/materterra.fr\/?page_id=104#primaryimage"},"image":{"@id":"https:\/\/materterra.fr\/?page_id=104#primaryimage"},"thumbnailUrl":"https:\/\/materterra.fr\/wp-content\/uploads\/2022\/03\/Liege1r-225x300.png","datePublished":"2021-08-28T21:23:48+00:00","dateModified":"2022-03-26T18:33:55+00:00","breadcrumb":{"@id":"https:\/\/materterra.fr\/?page_id=104#breadcrumb"},"inLanguage":"fr-FR","potentialAction":[{"@type":"ReadAction","target":["https:\/\/materterra.fr\/?page_id=104"]}]},{"@type":"ImageObject","inLanguage":"fr-FR","@id":"https:\/\/materterra.fr\/?page_id=104#primaryimage","url":"https:\/\/materterra.fr\/wp-content\/uploads\/2022\/03\/Liege1r.png","contentUrl":"https:\/\/materterra.fr\/wp-content\/uploads\/2022\/03\/Liege1r.png","width":450,"height":600,"caption":"Li\u00e8ge association MATERRA - Mater Terra"},{"@type":"BreadcrumbList","@id":"https:\/\/materterra.fr\/?page_id=104#breadcrumb","itemListElement":[{"@type":"ListItem","position":1,"name":"Accueil","item":"https:\/\/materterra.fr\/"},{"@type":"ListItem","position":2,"name":"Les \u00e9l\u00e9ments travaill\u00e9s"}]},{"@type":"WebSite","@id":"https:\/\/materterra.fr\/#website","url":"https:\/\/materterra.fr\/","name":"Bienvenue sur le site de l&#039;association","description":"MATERRA ASSOCIATION LOI 1901","publisher":{"@id":"https:\/\/materterra.fr\/#organization"},"potentialAction":[{"@type":"SearchAction","target":{"@type":"EntryPoint","urlTemplate":"https:\/\/materterra.fr\/?s={search_term_string}"},"query-input":{"@type":"PropertyValueSpecification","valueRequired":true,"valueName":"search_term_string"}}],"inLanguage":"fr-FR"},{"@type":"Organization","@id":"https:\/\/materterra.fr\/#organization","name":"MATERRA ASSOCIATION","url":"https:\/\/materterra.fr\/","logo":{"@type":"ImageObject","inLanguage":"fr-FR","@id":"https:\/\/materterra.fr\/#\/schema\/logo\/image\/","url":"https:\/\/materterra.fr\/wp-content\/uploads\/2021\/08\/cropped-LOGO-Association-MATERRA-couleur.png","contentUrl":"https:\/\/materterra.fr\/wp-content\/uploads\/2021\/08\/cropped-LOGO-Association-MATERRA-couleur.png","width":1400,"height":315,"caption":"MATERRA ASSOCIATION"},"image":{"@id":"https:\/\/materterra.fr\/#\/schema\/logo\/image\/"}}]}},"_links":{"self":[{"href":"https:\/\/materterra.fr\/index.php?rest_route=\/wp\/v2\/pages\/104","targetHints":{"allow":["GET"]}}],"collection":[{"href":"https:\/\/materterra.fr\/index.php?rest_route=\/wp\/v2\/pages"}],"about":[{"href":"https:\/\/materterra.fr\/index.php?rest_route=\/wp\/v2\/types\/page"}],"author":[{"embeddable":true,"href":"https:\/\/materterra.fr\/index.php?rest_route=\/wp\/v2\/users\/1"}],"replies":[{"embeddable":true,"href":"https:\/\/materterra.fr\/index.php?rest_route=%2Fwp%2Fv2%2Fcomments&post=104"}],"version-history":[{"count":5,"href":"https:\/\/materterra.fr\/index.php?rest_route=\/wp\/v2\/pages\/104\/revisions"}],"predecessor-version":[{"id":381,"href":"https:\/\/materterra.fr\/index.php?rest_route=\/wp\/v2\/pages\/104\/revisions\/381"}],"wp:attachment":[{"href":"https:\/\/materterra.fr\/index.php?rest_route=%2Fwp%2Fv2%2Fmedia&parent=104"}],"curies":[{"name":"wp","href":"https:\/\/api.w.org\/{rel}","templated":true}]}}